{"id":2107,"date":"2021-03-25T06:52:11","date_gmt":"2021-03-25T06:52:11","guid":{"rendered":"https:\/\/nature-calls.lt\/index.php\/weddings\/"},"modified":"2024-03-28T12:59:07","modified_gmt":"2024-03-28T12:59:07","slug":"palapines-medziuose","status":"publish","type":"page","link":"https:\/\/nature-calls.lt\/en\/palapines-medziuose\/","title":{"rendered":"Tents in trees"},"content":{"rendered":"<div data-elementor-type=\"wp-page\" data-elementor-id=\"2107\" class=\"elementor elementor-2107\">\n\t\t\t\t\t\t<section class=\"elementor-section elementor-top-section elementor-element elementor-element-b579a65 elementor-section-boxed elementor-section-gap-beside-yes elementor-section-height-default elementor-section-height-default elementor-section-column-vertical-align-stretch\" data-id=\"b579a65\" data-element_type=\"section\">\n\t\t\t\t\t\t<div class=\"elementor-container elementor-column-gap-extended\">\n\t\t\t\t\t<div class=\"elementor-column elementor-col-100 elementor-top-column elementor-element elementor-element-066940d\" data-id=\"066940d\" data-element_type=\"column\">\n\t\t\t<div class=\"elementor-widget-wrap elementor-element-populated\">\n\t\t\t\t\t\t<div class=\"elementor-element elementor-element-375fb2a elementor-invisible elementor-widget elementor-widget-nuss-heading\" data-id=\"375fb2a\" data-element_type=\"widget\" data-settings=\"{&quot;_animation&quot;:&quot;nussFadeInUp&quot;}\" data-widget_type=\"nuss-heading.default\">\n\t\t\t\t<div class=\"elementor-widget-container\">\n\t\t\t\t\t<div class=\"nuss-modern-heading\">\r\n\t\t\t\r\n\t\t\t\t\t<div class=\"heading-primary-wrap\">\r\n\t\t\t<h2 class=\"heading-primary elementor-heading-title\">I\u0161skirtin\u0117 nakvyne med\u017eiuose<\/h2>\t\t<\/div>\r\n\t\t\r\n\t\t\t\r\n\t\t\t\t\t<div class=\"heading-description-wrap\">\r\n\t\t\t<div class=\"heading-description\">\r\n\t\t\t\t<p>Atvykite ir m\u0117gaukit\u0117s visi\u0161ka ramybe gamtos apsuptyje. Palapin\u0117s med\u017eiuose yra \u012fkurtos mi\u0161ke, tad visos vie\u0161nag\u0117s metu gal\u0117site g\u0117r\u0117tis nat\u016bralios gamtos gro\u017eiu ir klausytis pauk\u0161\u010di\u0173 \u010diulbenimo.<\/p>\t\t\t<\/div>\r\n\t\t<\/div>\r\n\t\t\t<\/div>\r\n\t\t\t\t<\/div>\n\t\t\t\t<\/div>\n\t\t\t\t\t<\/div>\n\t\t<\/div>\n\t\t\t\t\t<\/div>\n\t\t<\/section>\n\t\t\t\t<section class=\"elementor-section elementor-top-section elementor-element elementor-element-a6daa50 elementor-section-boxed elementor-section-gap-beside-yes elementor-section-height-default elementor-section-height-default elementor-section-column-vertical-align-stretch\" data-id=\"a6daa50\" data-element_type=\"section\">\n\t\t\t\t\t\t<div class=\"elementor-container elementor-column-gap-extended\">\n\t\t\t\t\t<div class=\"elementor-column elementor-col-25 elementor-top-column elementor-element elementor-element-27a21b2\" data-id=\"27a21b2\" data-element_type=\"column\">\n\t\t\t<div class=\"elementor-widget-wrap elementor-element-populated\">\n\t\t\t\t\t\t<div class=\"elementor-element elementor-element-d6b722a e-transform elementor-widget elementor-widget-image\" data-id=\"d6b722a\" data-element_type=\"widget\" data-settings=\"{&quot;_transform_scale_effect_hover&quot;:{&quot;unit&quot;:&quot;px&quot;,&quot;size&quot;:1.1,&quot;sizes&quot;:[]},&quot;_transform_scale_effect_hover_tablet&quot;:{&quot;unit&quot;:&quot;px&quot;,&quot;size&quot;:&quot;&quot;,&quot;sizes&quot;:[]},&quot;_transform_scale_effect_hover_mobile&quot;:{&quot;unit&quot;:&quot;px&quot;,&quot;size&quot;:&quot;&quot;,&quot;sizes&quot;:[]}}\" data-widget_type=\"image.default\">\n\t\t\t\t<div class=\"elementor-widget-container\">\n\t\t\t<style>\/*! elementor - v3.19.0 - 28-02-2024 *\/\n.elementor-widget-image{text-align:center}.elementor-widget-image a{display:inline-block}.elementor-widget-image a img[src$=\".svg\"]{width:48px}.elementor-widget-image img{vertical-align:middle;display:inline-block}<\/style>\t\t\t\t\t\t\t<figure class=\"wp-caption\">\n\t\t\t\t\t\t\t\t\t\t\t<a href=\"https:\/\/nature-calls.lt\/index.php\/ux_room\/nature-calls-pirma-palapine\/\">\n\t\t\t\t\t\t\t<img fetchpriority=\"high\" decoding=\"async\" width=\"768\" height=\"1024\" src=\"https:\/\/nature-calls.lt\/wp-content\/uploads\/2023\/02\/IMG_3646-min-768x1024.jpeg\" class=\"attachment-medium_large size-medium_large wp-image-5772\" alt=\"\" srcset=\"https:\/\/nature-calls.lt\/wp-content\/uploads\/2023\/02\/IMG_3646-min-768x1024.jpeg 768w, https:\/\/nature-calls.lt\/wp-content\/uploads\/2023\/02\/IMG_3646-min-225x300.jpeg 225w, https:\/\/nature-calls.lt\/wp-content\/uploads\/2023\/02\/IMG_3646-min-1152x1536.jpeg 1152w, https:\/\/nature-calls.lt\/wp-content\/uploads\/2023\/02\/IMG_3646-min-1536x2048.jpeg 1536w, https:\/\/nature-calls.lt\/wp-content\/uploads\/2023\/02\/IMG_3646-min-600x800.jpeg 600w, https:\/\/nature-calls.lt\/wp-content\/uploads\/2023\/02\/IMG_3646-min-scaled.jpeg 1920w\" sizes=\"(max-width: 768px) 100vw, 768px\" \/>\t\t\t\t\t\t\t\t<\/a>\n\t\t\t\t\t\t\t\t\t\t\t<figcaption class=\"widget-image-caption wp-caption-text\">Nature Calls Pirmoji palapin\u0117<\/figcaption>\n\t\t\t\t\t\t\t\t\t\t<\/figure>\n\t\t\t\t\t\t\t<\/div>\n\t\t\t\t<\/div>\n\t\t\t\t\t<\/div>\n\t\t<\/div>\n\t\t\t\t<div class=\"elementor-column elementor-col-25 elementor-top-column elementor-element elementor-element-0ef55ba\" data-id=\"0ef55ba\" data-element_type=\"column\">\n\t\t\t<div class=\"elementor-widget-wrap elementor-element-populated\">\n\t\t\t\t\t\t<div class=\"elementor-element elementor-element-8ce9cb4 e-transform elementor-widget elementor-widget-image\" data-id=\"8ce9cb4\" data-element_type=\"widget\" data-settings=\"{&quot;_transform_scale_effect_hover&quot;:{&quot;unit&quot;:&quot;px&quot;,&quot;size&quot;:1.1,&quot;sizes&quot;:[]},&quot;_transform_scale_effect_hover_tablet&quot;:{&quot;unit&quot;:&quot;px&quot;,&quot;size&quot;:&quot;&quot;,&quot;sizes&quot;:[]},&quot;_transform_scale_effect_hover_mobile&quot;:{&quot;unit&quot;:&quot;px&quot;,&quot;size&quot;:&quot;&quot;,&quot;sizes&quot;:[]}}\" data-widget_type=\"image.default\">\n\t\t\t\t<div class=\"elementor-widget-container\">\n\t\t\t\t\t\t\t\t\t\t<figure class=\"wp-caption\">\n\t\t\t\t\t\t\t\t\t\t\t<a href=\"https:\/\/nature-calls.lt\/index.php\/ux_room\/nature-calls-antra-palapine\/\">\n\t\t\t\t\t\t\t<img decoding=\"async\" width=\"768\" height=\"1024\" src=\"https:\/\/nature-calls.lt\/wp-content\/uploads\/2023\/02\/IMG_5740-min-768x1024.jpeg\" class=\"attachment-large size-large wp-image-5631\" alt=\"\" srcset=\"https:\/\/nature-calls.lt\/wp-content\/uploads\/2023\/02\/IMG_5740-min-768x1024.jpeg 768w, https:\/\/nature-calls.lt\/wp-content\/uploads\/2023\/02\/IMG_5740-min-225x300.jpeg 225w, https:\/\/nature-calls.lt\/wp-content\/uploads\/2023\/02\/IMG_5740-min-1152x1536.jpeg 1152w, https:\/\/nature-calls.lt\/wp-content\/uploads\/2023\/02\/IMG_5740-min-1536x2048.jpeg 1536w, https:\/\/nature-calls.lt\/wp-content\/uploads\/2023\/02\/IMG_5740-min-600x800.jpeg 600w, https:\/\/nature-calls.lt\/wp-content\/uploads\/2023\/02\/IMG_5740-min-scaled.jpeg 1920w\" sizes=\"(max-width: 768px) 100vw, 768px\" \/>\t\t\t\t\t\t\t\t<\/a>\n\t\t\t\t\t\t\t\t\t\t\t<figcaption class=\"widget-image-caption wp-caption-text\">Nature Calls Antroji palapin\u0117<\/figcaption>\n\t\t\t\t\t\t\t\t\t\t<\/figure>\n\t\t\t\t\t\t\t<\/div>\n\t\t\t\t<\/div>\n\t\t\t\t\t<\/div>\n\t\t<\/div>\n\t\t\t\t<div class=\"elementor-column elementor-col-25 elementor-top-column elementor-element elementor-element-6c34488\" data-id=\"6c34488\" data-element_type=\"column\">\n\t\t\t<div class=\"elementor-widget-wrap elementor-element-populated\">\n\t\t\t\t\t\t<div class=\"elementor-element elementor-element-82a7823 e-transform elementor-widget elementor-widget-image\" data-id=\"82a7823\" data-element_type=\"widget\" data-settings=\"{&quot;_transform_scale_effect_hover&quot;:{&quot;unit&quot;:&quot;px&quot;,&quot;size&quot;:1.1,&quot;sizes&quot;:[]},&quot;_transform_scale_effect_hover_tablet&quot;:{&quot;unit&quot;:&quot;px&quot;,&quot;size&quot;:&quot;&quot;,&quot;sizes&quot;:[]},&quot;_transform_scale_effect_hover_mobile&quot;:{&quot;unit&quot;:&quot;px&quot;,&quot;size&quot;:&quot;&quot;,&quot;sizes&quot;:[]}}\" data-widget_type=\"image.default\">\n\t\t\t\t<div class=\"elementor-widget-container\">\n\t\t\t\t\t\t\t\t\t\t<figure class=\"wp-caption\">\n\t\t\t\t\t\t\t\t\t\t\t<a href=\"https:\/\/nature-calls.lt\/index.php\/ux_room\/pirma-palapine-netoli-ezero\/\">\n\t\t\t\t\t\t\t<img decoding=\"async\" width=\"768\" height=\"1024\" src=\"https:\/\/nature-calls.lt\/wp-content\/uploads\/2023\/02\/IMG_4525-min-768x1024.jpg\" class=\"attachment-large size-large wp-image-5787\" alt=\"\" srcset=\"https:\/\/nature-calls.lt\/wp-content\/uploads\/2023\/02\/IMG_4525-min-768x1024.jpg 768w, https:\/\/nature-calls.lt\/wp-content\/uploads\/2023\/02\/IMG_4525-min-225x300.jpg 225w, https:\/\/nature-calls.lt\/wp-content\/uploads\/2023\/02\/IMG_4525-min-1152x1536.jpg 1152w, https:\/\/nature-calls.lt\/wp-content\/uploads\/2023\/02\/IMG_4525-min-1536x2048.jpg 1536w, https:\/\/nature-calls.lt\/wp-content\/uploads\/2023\/02\/IMG_4525-min-600x800.jpg 600w, https:\/\/nature-calls.lt\/wp-content\/uploads\/2023\/02\/IMG_4525-min-scaled.jpg 1920w\" sizes=\"(max-width: 768px) 100vw, 768px\" \/>\t\t\t\t\t\t\t\t<\/a>\n\t\t\t\t\t\t\t\t\t\t\t<figcaption class=\"widget-image-caption wp-caption-text\">Pirmoji palapoin\u0117 netoli e\u017eero<\/figcaption>\n\t\t\t\t\t\t\t\t\t\t<\/figure>\n\t\t\t\t\t\t\t<\/div>\n\t\t\t\t<\/div>\n\t\t\t\t\t<\/div>\n\t\t<\/div>\n\t\t\t\t<div class=\"elementor-column elementor-col-25 elementor-top-column elementor-element elementor-element-0448707\" data-id=\"0448707\" data-element_type=\"column\">\n\t\t\t<div class=\"elementor-widget-wrap elementor-element-populated\">\n\t\t\t\t\t\t<div class=\"elementor-element elementor-element-0827489 e-transform e-transform elementor-widget elementor-widget-image\" data-id=\"0827489\" data-element_type=\"widget\" data-settings=\"{&quot;_transform_scale_effect_hover&quot;:{&quot;unit&quot;:&quot;px&quot;,&quot;size&quot;:1.1,&quot;sizes&quot;:[]},&quot;_transform_scale_effect&quot;:{&quot;unit&quot;:&quot;px&quot;,&quot;size&quot;:&quot;&quot;,&quot;sizes&quot;:[]},&quot;_transform_scale_effect_tablet&quot;:{&quot;unit&quot;:&quot;px&quot;,&quot;size&quot;:&quot;&quot;,&quot;sizes&quot;:[]},&quot;_transform_scale_effect_mobile&quot;:{&quot;unit&quot;:&quot;px&quot;,&quot;size&quot;:&quot;&quot;,&quot;sizes&quot;:[]},&quot;_transform_scale_effect_hover_tablet&quot;:{&quot;unit&quot;:&quot;px&quot;,&quot;size&quot;:&quot;&quot;,&quot;sizes&quot;:[]},&quot;_transform_scale_effect_hover_mobile&quot;:{&quot;unit&quot;:&quot;px&quot;,&quot;size&quot;:&quot;&quot;,&quot;sizes&quot;:[]}}\" data-widget_type=\"image.default\">\n\t\t\t\t<div class=\"elementor-widget-container\">\n\t\t\t\t\t\t\t\t\t\t<figure class=\"wp-caption\">\n\t\t\t\t\t\t\t\t\t\t\t<a href=\"https:\/\/nature-calls.lt\/index.php\/ux_room\/antra-palapine-netoli-ezero\/\">\n\t\t\t\t\t\t\t<img loading=\"lazy\" decoding=\"async\" width=\"768\" height=\"1024\" src=\"https:\/\/nature-calls.lt\/wp-content\/uploads\/2023\/02\/IMG_7994-min-768x1024.jpeg\" class=\"attachment-large size-large wp-image-5801\" alt=\"\" srcset=\"https:\/\/nature-calls.lt\/wp-content\/uploads\/2023\/02\/IMG_7994-min-768x1024.jpeg 768w, https:\/\/nature-calls.lt\/wp-content\/uploads\/2023\/02\/IMG_7994-min-225x300.jpeg 225w, https:\/\/nature-calls.lt\/wp-content\/uploads\/2023\/02\/IMG_7994-min-1152x1536.jpeg 1152w, https:\/\/nature-calls.lt\/wp-content\/uploads\/2023\/02\/IMG_7994-min-1536x2048.jpeg 1536w, https:\/\/nature-calls.lt\/wp-content\/uploads\/2023\/02\/IMG_7994-min-600x800.jpeg 600w, https:\/\/nature-calls.lt\/wp-content\/uploads\/2023\/02\/IMG_7994-min-scaled.jpeg 1920w\" sizes=\"(max-width: 768px) 100vw, 768px\" \/>\t\t\t\t\t\t\t\t<\/a>\n\t\t\t\t\t\t\t\t\t\t\t<figcaption class=\"widget-image-caption wp-caption-text\">Antroji palapin\u0117 netoli e\u017eero<\/figcaption>\n\t\t\t\t\t\t\t\t\t\t<\/figure>\n\t\t\t\t\t\t\t<\/div>\n\t\t\t\t<\/div>\n\t\t\t\t\t<\/div>\n\t\t<\/div>\n\t\t\t\t\t<\/div>\n\t\t<\/section>\n\t\t\t\t<section class=\"elementor-section elementor-top-section elementor-element elementor-element-9f262bd elementor-section-boxed elementor-section-gap-beside-yes elementor-section-height-default elementor-section-height-default elementor-section-column-vertical-align-stretch\" data-id=\"9f262bd\" data-element_type=\"section\">\n\t\t\t\t\t\t<div class=\"elementor-container elementor-column-gap-extended\">\n\t\t\t\t\t<div class=\"elementor-column elementor-col-100 elementor-top-column elementor-element elementor-element-5c236dd\" data-id=\"5c236dd\" data-element_type=\"column\">\n\t\t\t<div class=\"elementor-widget-wrap\">\n\t\t\t\t\t\t\t<\/div>\n\t\t<\/div>\n\t\t\t\t\t<\/div>\n\t\t<\/section>\n\t\t\t\t<\/div>","protected":false},"excerpt":{"rendered":"<p>I\u0161skirtin\u0117 nakvyne med\u017eiuose Atvykite ir m\u0117gaukit\u0117s visi\u0161ka ramybe gamtos apsuptyje. Palapin\u0117s med\u017eiuose yra \u012fkurtos mi\u0161ke, tad visos vie\u0161nag\u0117s metu gal\u0117site g\u0117r\u0117tis nat\u016bralios gamtos gro\u017eiu ir klausytis pauk\u0161\u010di\u0173 \u010diulbenimo. Nature Calls Pirmoji palapin\u0117 Nature Calls Antroji palapin\u0117 Pirmoji palapoin\u0117 netoli e\u017eero Antroji palapin\u0117 netoli e\u017eero<\/p>","protected":false},"author":1,"featured_media":0,"parent":0,"menu_order":0,"comment_status":"closed","ping_status":"closed","template":"elementor_header_footer","meta":{"om_disable_all_campaigns":false,"footnotes":""},"_links":{"self":[{"href":"https:\/\/nature-calls.lt\/en\/wp-json\/wp\/v2\/pages\/2107"}],"collection":[{"href":"https:\/\/nature-calls.lt\/en\/wp-json\/wp\/v2\/pages"}],"about":[{"href":"https:\/\/nature-calls.lt\/en\/wp-json\/wp\/v2\/types\/page"}],"author":[{"embeddable":true,"href":"https:\/\/nature-calls.lt\/en\/wp-json\/wp\/v2\/users\/1"}],"replies":[{"embeddable":true,"href":"https:\/\/nature-calls.lt\/en\/wp-json\/wp\/v2\/comments?post=2107"}],"version-history":[{"count":13,"href":"https:\/\/nature-calls.lt\/en\/wp-json\/wp\/v2\/pages\/2107\/revisions"}],"predecessor-version":[{"id":6094,"href":"https:\/\/nature-calls.lt\/en\/wp-json\/wp\/v2\/pages\/2107\/revisions\/6094"}],"wp:attachment":[{"href":"https:\/\/nature-calls.lt\/en\/wp-json\/wp\/v2\/media?parent=2107"}],"curies":[{"name":"wp","href":"https:\/\/api.w.org\/{rel}","templated":true}]}}