{"id":5365,"date":"2021-03-19T03:01:23","date_gmt":"2021-03-19T03:01:23","guid":{"rendered":"https:\/\/nature-calls.lt\/index.php\/privacy-policy\/"},"modified":"2024-04-04T14:52:24","modified_gmt":"2024-04-04T14:52:24","slug":"privatumo-politika","status":"publish","type":"page","link":"https:\/\/nature-calls.lt\/en\/privatumo-politika\/","title":{"rendered":"Privacy Policy"},"content":{"rendered":"<div data-elementor-type=\"wp-page\" data-elementor-id=\"5365\" class=\"elementor elementor-5365\">\n\t\t\t\t\t\t<section class=\"elementor-section elementor-top-section elementor-element elementor-element-e8664ae elementor-section-boxed elementor-section-gap-beside-yes elementor-section-height-default elementor-section-height-default elementor-section-content-align-center elementor-section-column-vertical-align-stretch\" data-id=\"e8664ae\" data-element_type=\"section\">\n\t\t\t\t\t\t<div class=\"elementor-container elementor-column-gap-extended\">\n\t\t\t\t\t<div class=\"elementor-column elementor-col-100 elementor-top-column elementor-element elementor-element-04c001d\" data-id=\"04c001d\" data-element_type=\"column\">\n\t\t\t<div class=\"elementor-widget-wrap elementor-element-populated\">\n\t\t\t\t\t\t<div class=\"elementor-element elementor-element-30f67f9 elementor-widget__width-initial elementor-widget elementor-widget-heading\" data-id=\"30f67f9\" data-element_type=\"widget\" data-widget_type=\"heading.default\">\n\t\t\t\t<div class=\"elementor-widget-container\">\n\t\t\t<style>\/*! elementor - v3.19.0 - 28-02-2024 *\/\n.elementor-heading-title{padding:0;margin:0;line-height:1}.elementor-widget-heading .elementor-heading-title[class*=elementor-size-]>a{color:inherit;font-size:inherit;line-height:inherit}.elementor-widget-heading .elementor-heading-title.elementor-size-small{font-size:15px}.elementor-widget-heading .elementor-heading-title.elementor-size-medium{font-size:19px}.elementor-widget-heading .elementor-heading-title.elementor-size-large{font-size:29px}.elementor-widget-heading .elementor-heading-title.elementor-size-xl{font-size:39px}.elementor-widget-heading .elementor-heading-title.elementor-size-xxl{font-size:59px}<\/style><h2 class=\"elementor-heading-title elementor-size-default\">Privacy Policy<\/h2>\t\t<\/div>\n\t\t\t\t<\/div>\n\t\t\t\t<div class=\"elementor-element elementor-element-758d835 elementor-widget elementor-widget-heading\" data-id=\"758d835\" data-element_type=\"widget\" data-widget_type=\"heading.default\">\n\t\t\t\t<div class=\"elementor-widget-container\">\n\t\t\t<h3 class=\"elementor-heading-title elementor-size-default\">This Privacy Policy is effective from May 2018.\n\n<\/h3>\t\t<\/div>\n\t\t\t\t<\/div>\n\t\t\t\t<div class=\"elementor-element elementor-element-3b452dd elementor-widget elementor-widget-text-editor\" data-id=\"3b452dd\" data-element_type=\"widget\" data-widget_type=\"text-editor.default\">\n\t\t\t\t<div class=\"elementor-widget-container\">\n\t\t\t<style>\/*! elementor - v3.19.0 - 28-02-2024 *\/\n.elementor-widget-text-editor.elementor-drop-cap-view-stacked .elementor-drop-cap{background-color:#69727d;color:#fff}.elementor-widget-text-editor.elementor-drop-cap-view-framed .elementor-drop-cap{color:#69727d;border:3px solid;background-color:transparent}.elementor-widget-text-editor:not(.elementor-drop-cap-view-default) .elementor-drop-cap{margin-top:8px}.elementor-widget-text-editor:not(.elementor-drop-cap-view-default) .elementor-drop-cap-letter{width:1em;height:1em}.elementor-widget-text-editor .elementor-drop-cap{float:left;text-align:center;line-height:1;font-size:50px}.elementor-widget-text-editor .elementor-drop-cap-letter{display:inline-block}<\/style>\t\t\t\t<p>At Kalniaus Sodyba, we understand the importance of storing your personal information and are committed to processing it responsibly, in compliance with applicable data security regulations.<\/p><p>This privacy statement describes Kalniaus Sodyba's general privacy practices that apply to the personal information we collect, use and share about customers and other individuals associated with our customers, business partners, suppliers and other organizations with whom Kalniaus Sodyba has or is considering a relationship.<\/p>\t\t\t\t\t\t<\/div>\n\t\t\t\t<\/div>\n\t\t\t\t<div class=\"elementor-element elementor-element-6413fd8 elementor-widget elementor-widget-heading\" data-id=\"6413fd8\" data-element_type=\"widget\" data-widget_type=\"heading.default\">\n\t\t\t\t<div class=\"elementor-widget-container\">\n\t\t\t<h2 class=\"elementor-heading-title elementor-size-default\">Why and how we collect and use your personal information.\n\n<\/h2>\t\t<\/div>\n\t\t\t\t<\/div>\n\t\t\t\t<div class=\"elementor-element elementor-element-29fa283 elementor-widget elementor-widget-text-editor\" data-id=\"29fa283\" data-element_type=\"widget\" data-widget_type=\"text-editor.default\">\n\t\t\t\t<div class=\"elementor-widget-container\">\n\t\t\t\t\t\t\t<p style=\"box-sizing: inherit; margin-right: 0px; margin-bottom: 1.8rem; margin-left: 0px; line-height: 1.8em; color: #7b7b7b; font-family: 'Source Sans Pro'; font-size: 16px;\"><span style=\"box-sizing: inherit;\">We may collect your personal information for various purposes, such as:<\/span><\/p>\t\t\t\t\t\t<\/div>\n\t\t\t\t<\/div>\n\t\t\t\t<div class=\"elementor-element elementor-element-e92db47 elementor-widget elementor-widget-heading\" data-id=\"e92db47\" data-element_type=\"widget\" data-widget_type=\"heading.default\">\n\t\t\t\t<div class=\"elementor-widget-container\">\n\t\t\t<h3 class=\"elementor-heading-title elementor-size-default\">Access and use of the site.\n\n<\/h3>\t\t<\/div>\n\t\t\t\t<\/div>\n\t\t\t\t<div class=\"elementor-element elementor-element-67b1253 elementor-widget elementor-widget-text-editor\" data-id=\"67b1253\" data-element_type=\"widget\" data-widget_type=\"text-editor.default\">\n\t\t\t\t<div class=\"elementor-widget-container\">\n\t\t\t\t\t\t\t<p>When you enter our site, we record information that is necessary to provide you access and functionality of the site, this may be your password, IP address and browser settings. Also, we collect information about what actions you perform on the page, in order to personalize your experience on the page, for example, your preferred settings, and we collect statistics so that we can improve and further develop our page, products and services.<\/p>\t\t\t\t\t\t<\/div>\n\t\t\t\t<\/div>\n\t\t\t\t<div class=\"elementor-element elementor-element-f00e947 elementor-widget elementor-widget-heading\" data-id=\"f00e947\" data-element_type=\"widget\" data-widget_type=\"heading.default\">\n\t\t\t\t<div class=\"elementor-widget-container\">\n\t\t\t<h3 class=\"elementor-heading-title elementor-size-default\">Responding to your inquiries regarding orders, additional information, and assistance.\n\n<\/h3>\t\t<\/div>\n\t\t\t\t<\/div>\n\t\t\t\t<div class=\"elementor-element elementor-element-680114b elementor-widget elementor-widget-text-editor\" data-id=\"680114b\" data-element_type=\"widget\" data-widget_type=\"text-editor.default\">\n\t\t\t\t<div class=\"elementor-widget-container\">\n\t\t\t\t\t\t\t<p>When you contact us (online or offline) to obtain information, order a product or service, or receive assistance, we collect the necessary information to fulfill your request, provide access to a product or service, provide assistance, and obtain an opportunity to contact you. . For example, we record your name and contact information, details of your request and your agreement with us, and the fulfillment, delivery, invoicing of your order and may include customer satisfaction survey information. We retain this information for administrative purposes, to protect your rights and to maintain our relationship with you.<\/p><p>When you provide your name and contact information to register for such a request, the registration may help identify you when you visit our websites. A registered account may be required when ordering our services. Registration can allow you to choose and change your privacy settings.<\/p>\t\t\t\t\t\t<\/div>\n\t\t\t\t<\/div>\n\t\t\t\t<div class=\"elementor-element elementor-element-67a0055 elementor-widget elementor-widget-heading\" data-id=\"67a0055\" data-element_type=\"widget\" data-widget_type=\"heading.default\">\n\t\t\t\t<div class=\"elementor-widget-container\">\n\t\t\t<h3 class=\"elementor-heading-title elementor-size-default\">When communicating with our clients' employees, scouts, partners or suppliers.\n\n<\/h3>\t\t<\/div>\n\t\t\t\t<\/div>\n\t\t\t\t<div class=\"elementor-element elementor-element-3ebd1e7 elementor-widget elementor-widget-text-editor\" data-id=\"3ebd1e7\" data-element_type=\"widget\" data-widget_type=\"text-editor.default\">\n\t\t\t\t<div class=\"elementor-widget-container\">\n\t\t\t\t\t\t\t<p>When working with our clients' employees, scouts, partners or suppliers, they also provide us with information (such as the name, contact information of employees, contractors, advisors and designees) for purposes such as agreement management, execution, delivery of products and services, provision of support, billing prescribing and service or relationship management.<\/p>\t\t\t\t\t\t<\/div>\n\t\t\t\t<\/div>\n\t\t\t\t<div class=\"elementor-element elementor-element-1d034f6 elementor-widget elementor-widget-heading\" data-id=\"1d034f6\" data-element_type=\"widget\" data-widget_type=\"heading.default\">\n\t\t\t\t<div class=\"elementor-widget-container\">\n\t\t\t<h3 class=\"elementor-heading-title elementor-size-default\">Marketing<\/h3>\t\t<\/div>\n\t\t\t\t<\/div>\n\t\t\t\t<div class=\"elementor-element elementor-element-37e6b1e elementor-widget elementor-widget-text-editor\" data-id=\"37e6b1e\" data-element_type=\"widget\" data-widget_type=\"text-editor.default\">\n\t\t\t\t<div class=\"elementor-widget-container\">\n\t\t\t\t\t\t\t<p>Most of the information we collect comes from your visit to our site. That information is used to build audiences for the advertising tools we use, such as Google banner ads, Facebook ads. After you submit requests and contact information, we can use the e-mail provided to send offers, new posts, advertising on Facebook or Google advertising platforms, if you want the advertisement not to be shown to you, write to us by e-mail at kalniaussodyba@gmail.com or on our Facebook page and your the mail will be pulled from our database. If you no longer want to see advertising, but you have never submitted your email, then you will have to change your browser settings.<\/p><p>When we claim that we use your information for marketing, product or service improvement and development, for security and safety reasons or regulatory requirements and other matters related to your consent or request, we do so on a legitimate basis in our or a third party's interests or with your permission. When we collect and use your personal information provided in the European Privacy Record, this may have implications for your Rights.<\/p>\t\t\t\t\t\t<\/div>\n\t\t\t\t<\/div>\n\t\t\t\t<div class=\"elementor-element elementor-element-90ae07c elementor-widget elementor-widget-heading\" data-id=\"90ae07c\" data-element_type=\"widget\" data-widget_type=\"heading.default\">\n\t\t\t\t<div class=\"elementor-widget-container\">\n\t\t\t<h3 class=\"elementor-heading-title elementor-size-default\">Personal information sharing.\n\n<\/h3>\t\t<\/div>\n\t\t\t\t<\/div>\n\t\t\t\t<div class=\"elementor-element elementor-element-be7be6a elementor-widget elementor-widget-text-editor\" data-id=\"be7be6a\" data-element_type=\"widget\" data-widget_type=\"text-editor.default\">\n\t\t\t\t<div class=\"elementor-widget-container\">\n\t\t\t\t\t\t\t<p>Kalniaus Sodyba does not share the personal information of its customers with third parties at all, with the exception of partners who may serve our customers.\u00a0<\/p><p>Under some conditions, personal information may be disclosed to authorities in a court of law. We may use your personal information to protect the rights or property of Kalniaus Sodyya, our partners, suppliers, customers or others when we have reasonable grounds to believe that such rights or property have been or may be affected.<\/p>\t\t\t\t\t\t<\/div>\n\t\t\t\t<\/div>\n\t\t\t\t<div class=\"elementor-element elementor-element-7e41539 elementor-widget elementor-widget-heading\" data-id=\"7e41539\" data-element_type=\"widget\" data-widget_type=\"heading.default\">\n\t\t\t\t<div class=\"elementor-widget-container\">\n\t\t\t<h3 class=\"elementor-heading-title elementor-size-default\">Information Security and Accuracy.\n\n<\/h3>\t\t<\/div>\n\t\t\t\t<\/div>\n\t\t\t\t<div class=\"elementor-element elementor-element-120864e elementor-widget elementor-widget-text-editor\" data-id=\"120864e\" data-element_type=\"widget\" data-widget_type=\"text-editor.default\">\n\t\t\t\t<div class=\"elementor-widget-container\">\n\t\t\t\t\t\t\t<p>We are committed to protecting your personal information and maintaining its accuracy. Kalniaus Sodyba implements reasonable physical, administrative and technical safeguards to help protect your personal information from unauthorized access, use and disclosure. For example, we encrypt certain sensitive personal information, such as credit card information, when we transmit such information over the Internet. We also require our suppliers to protect this information from unauthorized access, use and disclosure.<\/p>\t\t\t\t\t\t<\/div>\n\t\t\t\t<\/div>\n\t\t\t\t<div class=\"elementor-element elementor-element-a9bb882 elementor-widget elementor-widget-heading\" data-id=\"a9bb882\" data-element_type=\"widget\" data-widget_type=\"heading.default\">\n\t\t\t\t<div class=\"elementor-widget-container\">\n\t\t\t<h3 class=\"elementor-heading-title elementor-size-default\">Withdrawal period.\n\n<\/h3>\t\t<\/div>\n\t\t\t\t<\/div>\n\t\t\t\t<div class=\"elementor-element elementor-element-094ff67 elementor-widget elementor-widget-text-editor\" data-id=\"094ff67\" data-element_type=\"widget\" data-widget_type=\"text-editor.default\">\n\t\t\t\t<div class=\"elementor-widget-container\">\n\t\t\t\t\t\t\t<p>We do not retain personal information for longer than is necessary to fulfill the purposes for which it is processed, including the security of our processing, compliance with legal and regulatory obligations (such as audit, accounting and statutory retention requirements), dispute resolution and the establishment, enforcement or defense of legal claims in countries where we do business.<\/p><p>As the circumstances may vary depending on the context and the services, the information provided in the online privacy statement or the information provided in the specific notice may be more detailed information about the applicable storage conditions.<\/p>\t\t\t\t\t\t<\/div>\n\t\t\t\t<\/div>\n\t\t\t\t<div class=\"elementor-element elementor-element-6404427 elementor-widget elementor-widget-heading\" data-id=\"6404427\" data-element_type=\"widget\" data-widget_type=\"heading.default\">\n\t\t\t\t<div class=\"elementor-widget-container\">\n\t\t\t<h3 class=\"elementor-heading-title elementor-size-default\">How to contact us.\n\n<\/h3>\t\t<\/div>\n\t\t\t\t<\/div>\n\t\t\t\t<div class=\"elementor-element elementor-element-4accd7a elementor-widget elementor-widget-text-editor\" data-id=\"4accd7a\" data-element_type=\"widget\" data-widget_type=\"text-editor.default\">\n\t\t\t\t<div class=\"elementor-widget-container\">\n\t\t\t\t\t\t\t<p>If you have any questions related to Kalniaus Sodyba's Privacy Policy, please contact us using the form provided in contacts or contact us by mail at kalniaussodyba@gmail.com. Your message will be forwarded to the responsible persons.<\/p>\t\t\t\t\t\t<\/div>\n\t\t\t\t<\/div>\n\t\t\t\t<div class=\"elementor-element elementor-element-629ab01 elementor-widget elementor-widget-heading\" data-id=\"629ab01\" data-element_type=\"widget\" data-widget_type=\"heading.default\">\n\t\t\t\t<div class=\"elementor-widget-container\">\n\t\t\t<h3 class=\"elementor-heading-title elementor-size-default\">Your rights.\n\n<\/h3>\t\t<\/div>\n\t\t\t\t<\/div>\n\t\t\t\t<div class=\"elementor-element elementor-element-28a126e elementor-widget elementor-widget-text-editor\" data-id=\"28a126e\" data-element_type=\"widget\" data-widget_type=\"text-editor.default\">\n\t\t\t\t<div class=\"elementor-widget-container\">\n\t\t\t\t\t\t\t<p>You can request access, update or correction of your personal information. You also have the right to object to direct marketing. You may also have the right to request that your personal information is deleted or restricted under the GDPR. To do this, you will find instructions in the \"How to contact us\" section.<\/p>\t\t\t\t\t\t<\/div>\n\t\t\t\t<\/div>\n\t\t\t\t<div class=\"elementor-element elementor-element-c6b477c elementor-widget elementor-widget-heading\" data-id=\"c6b477c\" data-element_type=\"widget\" data-widget_type=\"heading.default\">\n\t\t\t\t<div class=\"elementor-widget-container\">\n\t\t\t<h3 class=\"elementor-heading-title elementor-size-default\">The right to file a complaint.\n\n<\/h3>\t\t<\/div>\n\t\t\t\t<\/div>\n\t\t\t\t<div class=\"elementor-element elementor-element-aff545f elementor-widget elementor-widget-text-editor\" data-id=\"aff545f\" data-element_type=\"widget\" data-widget_type=\"text-editor.default\">\n\t\t\t\t<div class=\"elementor-widget-container\">\n\t\t\t\t\t\t\t<p>If you believe that the processing of your personal data complies with applicable data protection laws, you can file a complaint:<\/p><ol><li>After filling out the request form in contacts<\/li><li>To the competent data protection authority. You can find the names and contact details of data protection authorities in the European Union<a href=\"http:\/\/ec.europa.eu\/justice\/article-29\/structure\/data-protection-authorities\/index_en.htm\">\u00a0here<\/a>\u00a0After clicking, you will be directed to another external page for which we are not responsible.<\/li><\/ol>\t\t\t\t\t\t<\/div>\n\t\t\t\t<\/div>\n\t\t\t\t<div class=\"elementor-element elementor-element-02ab9af elementor-widget elementor-widget-heading\" data-id=\"02ab9af\" data-element_type=\"widget\" data-widget_type=\"heading.default\">\n\t\t\t\t<div class=\"elementor-widget-container\">\n\t\t\t<h3 class=\"elementor-heading-title elementor-size-default\">Changes to our Privacy Policy.\n\n<\/h3>\t\t<\/div>\n\t\t\t\t<\/div>\n\t\t\t\t<div class=\"elementor-element elementor-element-1d18c2c elementor-widget elementor-widget-text-editor\" data-id=\"1d18c2c\" data-element_type=\"widget\" data-widget_type=\"text-editor.default\">\n\t\t\t\t<div class=\"elementor-widget-container\">\n\t\t\t\t\t\t\t<div id=\"onpage-content\" class=\"container\"><p>From time to time, we may update this privacy statement, as well as any other specific privacy statement. When we change this privacy statement, we add the new date at the top of this privacy statement.<\/p><\/div>\t\t\t\t\t\t<\/div>\n\t\t\t\t<\/div>\n\t\t\t\t\t<\/div>\n\t\t<\/div>\n\t\t\t\t\t<\/div>\n\t\t<\/section>\n\t\t\t\t<\/div>","protected":false},"excerpt":{"rendered":"<p>Privatumo politika \u0160i Privatumo Politika veikia nuo 2018 Gegu\u017e\u0117s. Kalniaus Sodyboje mes suprantame J\u016bs\u0173 asmenin\u0117s informacijos saugojimo svarb\u0105 ir esame \u012fsipareigoj\u0119 j\u0105 apdirbti atsakingai, laikydamiesi taikomais duomen\u0173 saugumo nuostatais. \u0160is privatumo parei\u0161kimas apib\u016bdina Kalniaus Sodybos bendras privatumo praktikas kurios taikomos asmeninei informacijai kuri\u0105 mes renkame, naudojame ir dalinam\u0117s apie klientus ir kitus individualus susijusiais su [&hellip;]<\/p>","protected":false},"author":1,"featured_media":0,"parent":0,"menu_order":0,"comment_status":"closed","ping_status":"open","template":"","meta":{"om_disable_all_campaigns":false,"footnotes":""},"_links":{"self":[{"href":"https:\/\/nature-calls.lt\/en\/wp-json\/wp\/v2\/pages\/5365"}],"collection":[{"href":"https:\/\/nature-calls.lt\/en\/wp-json\/wp\/v2\/pages"}],"about":[{"href":"https:\/\/nature-calls.lt\/en\/wp-json\/wp\/v2\/types\/page"}],"author":[{"embeddable":true,"href":"https:\/\/nature-calls.lt\/en\/wp-json\/wp\/v2\/users\/1"}],"replies":[{"embeddable":true,"href":"https:\/\/nature-calls.lt\/en\/wp-json\/wp\/v2\/comments?post=5365"}],"version-history":[{"count":7,"href":"https:\/\/nature-calls.lt\/en\/wp-json\/wp\/v2\/pages\/5365\/revisions"}],"predecessor-version":[{"id":6177,"href":"https:\/\/nature-calls.lt\/en\/wp-json\/wp\/v2\/pages\/5365\/revisions\/6177"}],"wp:attachment":[{"href":"https:\/\/nature-calls.lt\/en\/wp-json\/wp\/v2\/media?parent=5365"}],"curies":[{"name":"wp","href":"https:\/\/api.w.org\/{rel}","templated":true}]}}