{"id":6184,"date":"2024-04-04T14:58:20","date_gmt":"2024-04-04T14:58:20","guid":{"rendered":"https:\/\/nature-calls.lt\/?page_id=6184"},"modified":"2024-04-04T15:05:50","modified_gmt":"2024-04-04T15:05:50","slug":"kainos","status":"publish","type":"page","link":"https:\/\/nature-calls.lt\/en\/kainos\/","title":{"rendered":"Prices"},"content":{"rendered":"<div data-elementor-type=\"wp-page\" data-elementor-id=\"6184\" class=\"elementor elementor-6184\">\n\t\t\t\t\t\t<section class=\"elementor-section elementor-top-section elementor-element elementor-element-4304b85 elementor-section-boxed elementor-section-gap-beside-yes elementor-section-height-default elementor-section-height-default elementor-section-column-vertical-align-stretch\" data-id=\"4304b85\" data-element_type=\"section\">\n\t\t\t\t\t\t<div class=\"elementor-container elementor-column-gap-extended\">\n\t\t\t\t\t<div class=\"elementor-column elementor-col-100 elementor-top-column elementor-element elementor-element-04d895f\" data-id=\"04d895f\" data-element_type=\"column\">\n\t\t\t<div class=\"elementor-widget-wrap elementor-element-populated\">\n\t\t\t\t\t\t<div class=\"elementor-element elementor-element-86c193c elementor-widget elementor-widget-text-editor\" data-id=\"86c193c\" data-element_type=\"widget\" data-widget_type=\"text-editor.default\">\n\t\t\t\t<div class=\"elementor-widget-container\">\n\t\t\t<style>\/*! elementor - v3.19.0 - 28-02-2024 *\/\n.elementor-widget-text-editor.elementor-drop-cap-view-stacked .elementor-drop-cap{background-color:#69727d;color:#fff}.elementor-widget-text-editor.elementor-drop-cap-view-framed .elementor-drop-cap{color:#69727d;border:3px solid;background-color:transparent}.elementor-widget-text-editor:not(.elementor-drop-cap-view-default) .elementor-drop-cap{margin-top:8px}.elementor-widget-text-editor:not(.elementor-drop-cap-view-default) .elementor-drop-cap-letter{width:1em;height:1em}.elementor-widget-text-editor .elementor-drop-cap{float:left;text-align:center;line-height:1;font-size:50px}.elementor-widget-text-editor .elementor-drop-cap-letter{display:inline-block}<\/style>\t\t\t\t<p>The final and real information about the prices of our services is ONLY on this page, the prices found on other pages may not be valid. If you find different prices, we would be grateful if you would inform us about the discrepancy.<\/p><p>Thank you in advance!<br \/>\"Kalniaus sodyba\" administration<\/p><p>*The prices of the cabins can be found next to each individual cabin!<\/p>\t\t\t\t\t\t<\/div>\n\t\t\t\t<\/div>\n\t\t\t\t\t<\/div>\n\t\t<\/div>\n\t\t\t\t\t<\/div>\n\t\t<\/section>\n\t\t\t\t<section class=\"elementor-section elementor-top-section elementor-element elementor-element-4855723 elementor-section-boxed elementor-section-gap-beside-yes elementor-section-height-default elementor-section-height-default elementor-section-column-vertical-align-stretch\" data-id=\"4855723\" data-element_type=\"section\">\n\t\t\t\t\t\t<div class=\"elementor-container elementor-column-gap-extended\">\n\t\t\t\t\t<div class=\"elementor-column elementor-col-100 elementor-top-column elementor-element elementor-element-f0b9de7\" data-id=\"f0b9de7\" data-element_type=\"column\">\n\t\t\t<div class=\"elementor-widget-wrap elementor-element-populated\">\n\t\t\t\t\t\t<div class=\"elementor-element elementor-element-61b19d2 nuss-accordion-style-03 elementor-invisible elementor-widget elementor-widget-nuss-accordion\" data-id=\"61b19d2\" data-element_type=\"widget\" data-settings=\"{&quot;_animation&quot;:&quot;nussFadeInUp&quot;,&quot;active_first_item&quot;:&quot;1&quot;}\" data-widget_type=\"nuss-accordion.default\">\n\t\t\t\t<div class=\"elementor-widget-container\">\n\t\t\t\t\t<div class=\"nuss-accordion nuss-accordion-icon-right\">\r\n\t\t\t\t\t\t\t<div class=\"accordion-section active\">\r\n\t\t\t\t\t<div class=\"accordion-header\">\r\n\t\t\t\t\t\t<div class=\"accordion-title-wrapper\">\r\n\t\t\t\t\t\t\t<h4 class=\"accordion-title\">Services with horses<\/h4>\t\t\t\t\t\t<\/div>\r\n\t\t\t\t\t\t\t\t\t\t\t\t\t<div class=\"accordion-icons\">\r\n\t\t\t\t\t\t\t\t<span\r\n\t\t\t\t\t\t\t\t\tclass=\"accordion-icon opened-icon\"><i class=\"fal fa-angle-down\"><\/i><\/span>\r\n\t\t\t\t\t\t\t\t<span\r\n\t\t\t\t\t\t\t\t\tclass=\"accordion-icon closed-icon\"><i class=\"fal fa-angle-up\"><\/i><\/span>\r\n\t\t\t\t\t\t\t<\/div>\r\n\t\t\t\t\t\t\t\t\t\t\t<\/div>\r\n\t\t\t\t\t<div class=\"accordion-content\">\r\n\t\t\t\t\t\t<div id=\"1615462579716-c3f00767-3d69\" class=\"vc_tta-panel vc_active\" data-vc-content=\".vc_tta-panel-body\"><div class=\"vc_tta-panel-body\"><div class=\"wpb_text_column wpb_content_element\"><div class=\"wpb_wrapper\"><p>Prices of services with horses. Services must be coordinated in advance!<\/p><table class=\"tg\"><tbody><tr><th class=\"tg-l711\">\u00a0<\/th><th class=\"tg-baqh\">Duration<\/th><th class=\"tg-baqh\">Number of horses<\/th><th class=\"tg-uys7\">The amount of people<\/th><th class=\"tg-uys7\">Price<\/th><\/tr><tr><td class=\"tg-l711\">Photo session with our photographer<\/td><td class=\"tg-baqh\">1 hour<\/td><td class=\"tg-baqh\">1<\/td><td class=\"tg-uys7\">1-2<\/td><td class=\"tg-uys7\">Starting from 130\u20ac<\/td><\/tr><tr><td class=\"tg-l711\">\u017dirgo nuoma fotosesijai<\/td><td class=\"tg-baqh\">1 hour<\/td><td class=\"tg-baqh\">1<\/td><td class=\"tg-uys7\">Up to 2 people<\/td><td class=\"tg-uys7\">Starting from 100\u20ac<\/td><\/tr><tr><td class=\"tg-l711\">Fotosesija prie j\u016bros su fryzu<\/td><td class=\"tg-baqh\">1 hour<\/td><td class=\"tg-baqh\">Up to 2 people<\/td><td class=\"tg-uys7\">Flexible<\/td><td class=\"tg-uys7\">Starting from 200\u20ac<\/td><\/tr><tr><td class=\"tg-l711\">Horse riding<\/td><td class=\"tg-baqh\">45min<\/td><td class=\"tg-baqh\">1<\/td><td class=\"tg-uys7\">1<\/td><td class=\"tg-uys7\">30\u20ac<\/td><\/tr><tr><td class=\"tg-us36\">Jodin\u0117jimas dviems<\/td><td class=\"tg-baqh\">45min<\/td><td class=\"tg-baqh\">2<\/td><td class=\"tg-c3ow\">2<\/td><td class=\"tg-c3ow\">60\u20ac<\/td><\/tr><tr><td class=\"tg-us36\">Jodin\u0117jimas su pasikeitimu<\/td><td class=\"tg-baqh\">45min<\/td><td class=\"tg-baqh\">1<\/td><td class=\"tg-c3ow\">Up to 4 people<\/td><td class=\"tg-c3ow\">30\u20ac<\/td><\/tr><tr><td class=\"tg-us36\">Jojimas prie j\u016bros<\/td><td class=\"tg-baqh\">45min<\/td><td class=\"tg-baqh\">1<\/td><td class=\"tg-c3ow\">1<\/td><td class=\"tg-c3ow\">Starting from 150\u20ac<\/td><\/tr><tr><td class=\"tg-yw4l\">Jodin\u0117jimo abonementas 5 kartai<\/td><td class=\"tg-baqh\">\u2013<\/td><td class=\"tg-baqh\">\u2013<\/td><td class=\"tg-baqh\">1<\/td><td class=\"tg-baqh\">90\u20ac<\/td><\/tr><tr><td class=\"tg-yw4l\">Jodin\u0117jimo abonementas 10 kart\u0173<\/td><td class=\"tg-baqh\">\u2013<\/td><td class=\"tg-baqh\">\u2013<\/td><td class=\"tg-baqh\">1<\/td><td class=\"tg-baqh\">150\u20ac<\/td><\/tr><tr><td class=\"tg-us36\">Pasiva\u017ein\u0117jimas turistine karieta<\/td><td class=\"tg-baqh\">1 hour<\/td><td class=\"tg-baqh\">\u2013<\/td><td class=\"tg-c3ow\">Up to 6 people<\/td><td class=\"tg-c3ow\">90\u20ac<\/td><\/tr><tr><td class=\"tg-us36\">Vestuvin\u0117 karieta fotosesijai (vietoje)<\/td><td class=\"tg-baqh\">1 hour<\/td><td class=\"tg-baqh\">2<\/td><td class=\"tg-c3ow\">\u2013<\/td><td class=\"tg-c3ow\">Settleable<\/td><\/tr><tr><td class=\"tg-us36\">Vestuvin\u0117 karieta pasiva\u017ein\u0117jimas<\/td><td class=\"tg-baqh\">\u2013<\/td><td class=\"tg-baqh\">2<\/td><td class=\"tg-c3ow\">\u2013<\/td><td class=\"tg-c3ow\">Settleable<\/td><\/tr><tr><td class=\"tg-us36\">\u017dygiai \u017eirgais<\/td><td class=\"tg-baqh\">From 3 hours to 7 days<\/td><td class=\"tg-baqh\">\u2013<\/td><td class=\"tg-c3ow\">From 3 to 8 people<\/td><td class=\"tg-c3ow\">Settleable<\/td><\/tr><tr><td class=\"tg-yw4l\">Hipoterapija<\/td><td class=\"tg-baqh\">\u2013<\/td><td class=\"tg-baqh\">1<\/td><td class=\"tg-baqh\">1<\/td><td class=\"tg-baqh\">Settleable<\/td><\/tr><\/tbody><\/table><\/div><\/div><\/div><\/div>\t\t\t\t\t<\/div>\r\n\t\t\t\t<\/div>\r\n\t\t\t\t\t\t\t<div class=\"accordion-section\">\r\n\t\t\t\t\t<div class=\"accordion-header\">\r\n\t\t\t\t\t\t<div class=\"accordion-title-wrapper\">\r\n\t\t\t\t\t\t\t<h4 class=\"accordion-title\">Bee therapy<\/h4>\t\t\t\t\t\t<\/div>\r\n\t\t\t\t\t\t\t\t\t\t\t\t\t<div class=\"accordion-icons\">\r\n\t\t\t\t\t\t\t\t<span\r\n\t\t\t\t\t\t\t\t\tclass=\"accordion-icon opened-icon\"><i class=\"fal fa-angle-down\"><\/i><\/span>\r\n\t\t\t\t\t\t\t\t<span\r\n\t\t\t\t\t\t\t\t\tclass=\"accordion-icon closed-icon\"><i class=\"fal fa-angle-up\"><\/i><\/span>\r\n\t\t\t\t\t\t\t<\/div>\r\n\t\t\t\t\t\t\t\t\t\t\t<\/div>\r\n\t\t\t\t\t<div class=\"accordion-content\">\r\n\t\t\t\t\t\t<div id=\"1615462579739-0262974c-be92\" class=\"vc_tta-panel vc_active\" data-vc-content=\".vc_tta-panel-body\"><div class=\"vc_tta-panel-body\"><div class=\"wpb_text_column wpb_content_element\"><div class=\"wpb_wrapper\"><div class=\"open\" data-accordion=\"\"><div class=\"journal-accordion-content\" data-content=\"\"><p>\u00a0<\/p><table class=\"tg\"><tbody><tr><th class=\"tg-s6z2\">Number of sessions<\/th><th class=\"tg-s6z2\"><table class=\"tg\"><tbody><tr><th class=\"tg-baqh\">The amount of people<\/th><\/tr><\/tbody><\/table><\/th><th class=\"tg-baqh\">Session duration<\/th><th class=\"tg-baqh\">Price<\/th><\/tr><tr><td class=\"tg-031e\">Bee therapy<\/td><td class=\"tg-s6z2\">1<\/td><td class=\"tg-s6z2\">60min<\/td><td class=\"tg-baqh\">1<\/td><td class=\"tg-baqh\">25\u20ac<\/td><\/tr><tr><td class=\"tg-031e\">Bee therapy<\/td><td class=\"tg-s6z2\">5<\/td><td class=\"tg-s6z2\">60min<\/td><td class=\"tg-baqh\">1<\/td><td class=\"tg-baqh\">100\u20ac<\/td><\/tr><tr><td class=\"tg-031e\">Bee therapy<\/td><td class=\"tg-s6z2\">10<\/td><td class=\"tg-s6z2\">60min<\/td><td class=\"tg-baqh\">1<\/td><td class=\"tg-baqh\">120\u20ac<\/td><\/tr><tr><td class=\"tg-031e\">Bee therapy<\/td><td class=\"tg-s6z2\">1<\/td><td class=\"tg-s6z2\">60min<\/td><td class=\"tg-baqh\">4<\/td><td class=\"tg-baqh\">100\u20ac<\/td><\/tr><\/tbody><\/table><\/div><\/div><\/div><\/div><\/div><\/div>\t\t\t\t\t<\/div>\r\n\t\t\t\t<\/div>\r\n\t\t\t\t\t\t\t<div class=\"accordion-section\">\r\n\t\t\t\t\t<div class=\"accordion-header\">\r\n\t\t\t\t\t\t<div class=\"accordion-title-wrapper\">\r\n\t\t\t\t\t\t\t<h4 class=\"accordion-title\">Boat rental<\/h4>\t\t\t\t\t\t<\/div>\r\n\t\t\t\t\t\t\t\t\t\t\t\t\t<div class=\"accordion-icons\">\r\n\t\t\t\t\t\t\t\t<span\r\n\t\t\t\t\t\t\t\t\tclass=\"accordion-icon opened-icon\"><i class=\"fal fa-angle-down\"><\/i><\/span>\r\n\t\t\t\t\t\t\t\t<span\r\n\t\t\t\t\t\t\t\t\tclass=\"accordion-icon closed-icon\"><i class=\"fal fa-angle-up\"><\/i><\/span>\r\n\t\t\t\t\t\t\t<\/div>\r\n\t\t\t\t\t\t\t\t\t\t\t<\/div>\r\n\t\t\t\t\t<div class=\"accordion-content\">\r\n\t\t\t\t\t\t<div id=\"1615463543267-5fa434f2-bfc7\" class=\"vc_tta-panel vc_active\" data-vc-content=\".vc_tta-panel-body\"><div class=\"vc_tta-panel-body\"><div class=\"wpb_text_column wpb_content_element\"><div class=\"wpb_wrapper\"><div class=\"open\" data-accordion=\"\"><div class=\"journal-accordion-content\" data-content=\"\"><div class=\"vc_tta-panel-heading\"><h4 class=\"vc_tta-panel-title vc_tta-controls-icon-position-left\">\u00a0<\/h4><\/div><div class=\"vc_tta-panel-body\"><div class=\"wpb_text_column wpb_content_element\"><div class=\"wpb_wrapper\"><table class=\"tg\"><tbody><tr><th class=\"tg-031e\">\u00a0<\/th><th class=\"tg-s6z2\">Duration<\/th><th class=\"tg-s6z2\">Price<\/th><\/tr><tr><td class=\"tg-031e\">Boat rental<\/td><td class=\"tg-s6z2\">60min<\/td><td class=\"tg-s6z2\">5\u20ac<\/td><\/tr><tr><td class=\"tg-031e\">Boat rental<\/td><td class=\"tg-s6z2\">5 hours<\/td><td class=\"tg-s6z2\">10\u20ac<\/td><\/tr><tr><td class=\"tg-yw4l\">Boat rental<\/td><td class=\"tg-baqh\">24 hours<\/td><td class=\"tg-baqh\">20\u20ac<\/td><\/tr><\/tbody><\/table><\/div><\/div><\/div><\/div><\/div><\/div><\/div><\/div><\/div>\t\t\t\t\t<\/div>\r\n\t\t\t\t<\/div>\r\n\t\t\t\t\t\t\t<div class=\"accordion-section\">\r\n\t\t\t\t\t<div class=\"accordion-header\">\r\n\t\t\t\t\t\t<div class=\"accordion-title-wrapper\">\r\n\t\t\t\t\t\t\t<h4 class=\"accordion-title\">Fishing<\/h4>\t\t\t\t\t\t<\/div>\r\n\t\t\t\t\t\t\t\t\t\t\t\t\t<div class=\"accordion-icons\">\r\n\t\t\t\t\t\t\t\t<span\r\n\t\t\t\t\t\t\t\t\tclass=\"accordion-icon opened-icon\"><i class=\"fal fa-angle-down\"><\/i><\/span>\r\n\t\t\t\t\t\t\t\t<span\r\n\t\t\t\t\t\t\t\t\tclass=\"accordion-icon closed-icon\"><i class=\"fal fa-angle-up\"><\/i><\/span>\r\n\t\t\t\t\t\t\t<\/div>\r\n\t\t\t\t\t\t\t\t\t\t\t<\/div>\r\n\t\t\t\t\t<div class=\"accordion-content\">\r\n\t\t\t\t\t\t<div id=\"1615463543267-5fa434f2-bfc7\" class=\"vc_tta-panel vc_active\" data-vc-content=\".vc_tta-panel-body\"><div class=\"vc_tta-panel-body\"><div class=\"wpb_text_column wpb_content_element\"><div class=\"wpb_wrapper\"><div class=\"open\" data-accordion=\"\"><div class=\"journal-accordion-content\" data-content=\"\"><div class=\"vc_tta-panel-heading\"><table class=\"tg\"><tbody><tr><th class=\"tg-031e\">\u00a0<\/th><th class=\"tg-s6z2\">Duration<\/th><th class=\"tg-s6z2\">Price<\/th><\/tr><tr><td class=\"tg-031e\">Fishing in the pond<br \/>(You can take away 7 kg of fish)<\/td><td class=\"tg-s6z2\">24 hours<\/td><td class=\"tg-s6z2\">30\u20ac<\/td><\/tr><tr><td class=\"tg-yw4l\">Fishing in the lake<\/td><td class=\"tg-baqh\">\u2013<\/td><td class=\"tg-baqh\">For free<\/td><\/tr><tr><td class=\"tg-031e\">Fish gutting<\/td><td class=\"tg-s6z2\">\u2013<\/td><td class=\"tg-s6z2\">Settleable<\/td><\/tr><tr><td class=\"tg-yw4l\">Fish gutting and smoking<\/td><td class=\"tg-baqh\">\u2013<\/td><td class=\"tg-baqh\">Settleable<\/td><\/tr><tr><td class=\"tg-yw4l\">Fishing rod<\/td><td class=\"tg-baqh\">24 hours<\/td><td class=\"tg-baqh\">4\u20ac\/each<\/td><\/tr><tr><td class=\"tg-yw4l\">Fishing net<\/td><td class=\"tg-baqh\">24 hours<\/td><td class=\"tg-baqh\">3\u20ac\/each<\/td><\/tr><tr><td class=\"tg-yw4l\">Additional 1 kg of fish<\/td><td class=\"tg-baqh\">\u2013<\/td><td class=\"tg-baqh\">4\u20ac<\/td><\/tr><tr><td class=\"tg-yw4l\">Boat rental for the lake<\/td><td class=\"tg-baqh\">5 hours<\/td><td class=\"tg-baqh\">10\u20ac<\/td><\/tr><tr><td class=\"tg-yw4l\">Boat rental for the lake<\/td><td class=\"tg-baqh\">24 hours<\/td><td class=\"tg-baqh\">20\u20ac<\/td><\/tr><\/tbody><\/table><\/div><\/div><\/div><\/div><\/div><\/div><\/div>\t\t\t\t\t<\/div>\r\n\t\t\t\t<\/div>\r\n\t\t\t\t\t\t\t<div class=\"accordion-section\">\r\n\t\t\t\t\t<div class=\"accordion-header\">\r\n\t\t\t\t\t\t<div class=\"accordion-title-wrapper\">\r\n\t\t\t\t\t\t\t<h4 class=\"accordion-title\">Forest Therapy<\/h4>\t\t\t\t\t\t<\/div>\r\n\t\t\t\t\t\t\t\t\t\t\t\t\t<div class=\"accordion-icons\">\r\n\t\t\t\t\t\t\t\t<span\r\n\t\t\t\t\t\t\t\t\tclass=\"accordion-icon opened-icon\"><i class=\"fal fa-angle-down\"><\/i><\/span>\r\n\t\t\t\t\t\t\t\t<span\r\n\t\t\t\t\t\t\t\t\tclass=\"accordion-icon closed-icon\"><i class=\"fal fa-angle-up\"><\/i><\/span>\r\n\t\t\t\t\t\t\t<\/div>\r\n\t\t\t\t\t\t\t\t\t\t\t<\/div>\r\n\t\t\t\t\t<div class=\"accordion-content\">\r\n\t\t\t\t\t\t<div id=\"1615463543267-5fa434f2-bfc7\" class=\"vc_tta-panel vc_active\" data-vc-content=\".vc_tta-panel-body\"><div class=\"vc_tta-panel-body\"><div class=\"wpb_text_column wpb_content_element\"><div class=\"wpb_wrapper\"><div class=\"open\" data-accordion=\"\"><div class=\"journal-accordion-content\" data-content=\"\"><div class=\"vc_tta-panel-heading\"><table class=\"tg\" cellspacing=\"1\" cellpadding=\"1\"><tbody><tr><td>\u00a0<\/td><td>Distance<\/td><td>Duration<\/td><td>\u00a0Price<\/td><\/tr><tr><td>Forest Therapy<\/td><td>5km<\/td><td>5val<\/td><td>15\u20ac<\/td><\/tr><\/tbody><\/table><\/div><\/div><\/div><\/div><\/div><\/div><\/div>\t\t\t\t\t<\/div>\r\n\t\t\t\t<\/div>\r\n\t\t\t\t\t\t\t<div class=\"accordion-section\">\r\n\t\t\t\t\t<div class=\"accordion-header\">\r\n\t\t\t\t\t\t<div class=\"accordion-title-wrapper\">\r\n\t\t\t\t\t\t\t<h4 class=\"accordion-title\">Sauna\/hot tub<\/h4>\t\t\t\t\t\t<\/div>\r\n\t\t\t\t\t\t\t\t\t\t\t\t\t<div class=\"accordion-icons\">\r\n\t\t\t\t\t\t\t\t<span\r\n\t\t\t\t\t\t\t\t\tclass=\"accordion-icon opened-icon\"><i class=\"fal fa-angle-down\"><\/i><\/span>\r\n\t\t\t\t\t\t\t\t<span\r\n\t\t\t\t\t\t\t\t\tclass=\"accordion-icon closed-icon\"><i class=\"fal fa-angle-up\"><\/i><\/span>\r\n\t\t\t\t\t\t\t<\/div>\r\n\t\t\t\t\t\t\t\t\t\t\t<\/div>\r\n\t\t\t\t\t<div class=\"accordion-content\">\r\n\t\t\t\t\t\t<div id=\"1615463543267-5fa434f2-bfc7\" class=\"vc_tta-panel vc_active\" data-vc-content=\".vc_tta-panel-body\"><div class=\"vc_tta-panel-body\"><div class=\"wpb_text_column wpb_content_element\"><div class=\"wpb_wrapper\"><div class=\"open\" data-accordion=\"\"><div class=\"journal-accordion-content\" data-content=\"\"><div class=\"vc_tta-panel-heading\"><table class=\"tg\" cellspacing=\"1\" cellpadding=\"1\" align=\"center\"><thead><tr><th scope=\"col\">\u00a0<\/th><th scope=\"col\">Duration<\/th><th scope=\"col\">\u00a0 \u00a0 \u00a0 \u00a0 \u00a0 \u00a0 \u00a0 \u00a0 \u00a0Price<\/th><th scope=\"col\">\u00a0 \u00a0 \u00a0 \u00a0 \u00a0 \u00a0 \u00a0 \u00a0 Extra hour<\/th><\/tr><\/thead><tbody><tr><td>Sauna<\/td><td>2 hours<\/td><td>75\u20ac<\/td><td>20\u20ac<\/td><\/tr><tr><td>Hot tub<\/td><td>4 hours<\/td><td>100\u20ac<\/td><td>\u00a0<\/td><\/tr><\/tbody><\/table><p>*We apply discounts to the residents of the guest house<\/p><\/div><\/div><\/div><\/div><\/div><\/div><\/div>\t\t\t\t\t<\/div>\r\n\t\t\t\t<\/div>\r\n\t\t\t\t\t\t\t<div class=\"accordion-section\">\r\n\t\t\t\t\t<div class=\"accordion-header\">\r\n\t\t\t\t\t\t<div class=\"accordion-title-wrapper\">\r\n\t\t\t\t\t\t\t<h4 class=\"accordion-title\">Other (firewood, flammable liquid, pet, extra people, etc.)<\/h4>\t\t\t\t\t\t<\/div>\r\n\t\t\t\t\t\t\t\t\t\t\t\t\t<div class=\"accordion-icons\">\r\n\t\t\t\t\t\t\t\t<span\r\n\t\t\t\t\t\t\t\t\tclass=\"accordion-icon opened-icon\"><i class=\"fal fa-angle-down\"><\/i><\/span>\r\n\t\t\t\t\t\t\t\t<span\r\n\t\t\t\t\t\t\t\t\tclass=\"accordion-icon closed-icon\"><i class=\"fal fa-angle-up\"><\/i><\/span>\r\n\t\t\t\t\t\t\t<\/div>\r\n\t\t\t\t\t\t\t\t\t\t\t<\/div>\r\n\t\t\t\t\t<div class=\"accordion-content\">\r\n\t\t\t\t\t\t<div id=\"1615463543267-5fa434f2-bfc7\" class=\"vc_tta-panel vc_active\" data-vc-content=\".vc_tta-panel-body\"><div class=\"vc_tta-panel-body\"><div class=\"wpb_text_column wpb_content_element\"><div class=\"wpb_wrapper\"><div class=\"open\" data-accordion=\"\"><div class=\"journal-accordion-content\" data-content=\"\"><div class=\"vc_tta-panel-heading\"><table class=\"tg\" cellspacing=\"1\" cellpadding=\"1\"><tbody><tr><td>\u00a0<\/td><td>\u00a0Kiekis<\/td><td>Price<\/td><\/tr><tr><td>Gazebo 3 hours (up to 20 people)<\/td><td>20<\/td><td>150\u20ac<\/td><\/tr><tr><td>Extra person in the gazebo<\/td><td>1<\/td><td>5\u20ac<\/td><\/tr><tr><td>Firewood<\/td><td>\u2013<\/td><td>5\u20ac<\/td><\/tr><tr><td>Flammable liquid<\/td><td>\u2013<\/td><td>5\u20ac<\/td><\/tr><tr><td>Coal<\/td><td>\u2013<\/td><td>5\u20ac<\/td><\/tr><tr><td>Pet<\/td><td>\u2013<\/td><td>Negotiable<\/td><\/tr><tr><td>Additional people (guests of renters)<\/td><td>1<\/td><td>15\u20ac<\/td><\/tr><tr><td>Tour of the guest house<\/td><td>1<\/td><td>5\u20ac<\/td><\/tr><tr><td>Other requests not included in the order<\/td><td>\u2013<\/td><td>Negotiable<\/td><\/tr><\/tbody><\/table><\/div><\/div><\/div><\/div><\/div><\/div><\/div>\t\t\t\t\t<\/div>\r\n\t\t\t\t<\/div>\r\n\t\t\t\t\t<\/div>\r\n\t\t\t\t<\/div>\n\t\t\t\t<\/div>\n\t\t\t\t\t<\/div>\n\t\t<\/div>\n\t\t\t\t\t<\/div>\n\t\t<\/section>\n\t\t\t\t<\/div>","protected":false},"excerpt":{"rendered":"<p>Galutin\u0117 ir tikra informacija apie m\u016bs\u0173 paslaug\u0173 kainas yra TIK \u0161iame puslapyje, rastos kainos kituose puslapiuose galimai negalioja. Radus kitokias kainas, b\u016btume d\u0117kingi, jeigu informuotum\u0117te d\u0117l informacijos neatitikimo. I\u0161 anksto a\u010di\u016b!Kalniaus sodybos komanda *Nameli\u0173 kainas rasite prie kiekvieno atskiro namelio! Paslaugos su \u017eirgais Paslaug\u0173 su \u017eirgais kainos. Paslaugas b\u016btina derinti i\u0161 anksto! \u00a0 Trukm\u0117 \u017dirg\u0173 [&hellip;]<\/p>","protected":false},"author":3,"featured_media":0,"parent":0,"menu_order":0,"comment_status":"closed","ping_status":"closed","template":"","meta":{"om_disable_all_campaigns":false,"footnotes":""},"_links":{"self":[{"href":"https:\/\/nature-calls.lt\/en\/wp-json\/wp\/v2\/pages\/6184"}],"collection":[{"href":"https:\/\/nature-calls.lt\/en\/wp-json\/wp\/v2\/pages"}],"about":[{"href":"https:\/\/nature-calls.lt\/en\/wp-json\/wp\/v2\/types\/page"}],"author":[{"embeddable":true,"href":"https:\/\/nature-calls.lt\/en\/wp-json\/wp\/v2\/users\/3"}],"replies":[{"embeddable":true,"href":"https:\/\/nature-calls.lt\/en\/wp-json\/wp\/v2\/comments?post=6184"}],"version-history":[{"count":4,"href":"https:\/\/nature-calls.lt\/en\/wp-json\/wp\/v2\/pages\/6184\/revisions"}],"predecessor-version":[{"id":6189,"href":"https:\/\/nature-calls.lt\/en\/wp-json\/wp\/v2\/pages\/6184\/revisions\/6189"}],"wp:attachment":[{"href":"https:\/\/nature-calls.lt\/en\/wp-json\/wp\/v2\/media?parent=6184"}],"curies":[{"name":"wp","href":"https:\/\/api.w.org\/{rel}","templated":true}]}}