{"id":6190,"date":"2024-04-04T15:06:32","date_gmt":"2024-04-04T15:06:32","guid":{"rendered":"https:\/\/nature-calls.lt\/?page_id=6190"},"modified":"2024-04-04T15:07:38","modified_gmt":"2024-04-04T15:07:38","slug":"paslaugos","status":"publish","type":"page","link":"https:\/\/nature-calls.lt\/en\/paslaugos\/","title":{"rendered":"Services"},"content":{"rendered":"<div data-elementor-type=\"wp-page\" data-elementor-id=\"6190\" class=\"elementor elementor-6190\">\n\t\t\t\t\t\t<section class=\"elementor-section elementor-top-section elementor-element elementor-element-db71d61 elementor-section-boxed elementor-section-gap-beside-yes elementor-section-height-default elementor-section-height-default elementor-section-column-vertical-align-stretch\" data-id=\"db71d61\" data-element_type=\"section\">\n\t\t\t\t\t\t<div class=\"elementor-container elementor-column-gap-extended\">\n\t\t\t\t\t<div class=\"elementor-column elementor-col-100 elementor-top-column elementor-element elementor-element-4e76427\" data-id=\"4e76427\" data-element_type=\"column\">\n\t\t\t<div class=\"elementor-widget-wrap elementor-element-populated\">\n\t\t\t\t\t\t<div class=\"elementor-element elementor-element-1e52032 elementor-widget elementor-widget-text-editor\" data-id=\"1e52032\" data-element_type=\"widget\" data-widget_type=\"text-editor.default\">\n\t\t\t\t<div class=\"elementor-widget-container\">\n\t\t\t<style>\/*! elementor - v3.19.0 - 28-02-2024 *\/\n.elementor-widget-text-editor.elementor-drop-cap-view-stacked .elementor-drop-cap{background-color:#69727d;color:#fff}.elementor-widget-text-editor.elementor-drop-cap-view-framed .elementor-drop-cap{color:#69727d;border:3px solid;background-color:transparent}.elementor-widget-text-editor:not(.elementor-drop-cap-view-default) .elementor-drop-cap{margin-top:8px}.elementor-widget-text-editor:not(.elementor-drop-cap-view-default) .elementor-drop-cap-letter{width:1em;height:1em}.elementor-widget-text-editor .elementor-drop-cap{float:left;text-align:center;line-height:1;font-size:50px}.elementor-widget-text-editor .elementor-drop-cap-letter{display:inline-block}<\/style>\t\t\t\t<p><strong>Sodyboje si\u016blome \u0161ias paslaugas:<\/strong><\/p><p>Trij\u0173 poilsio nameli\u0173 nuoma<br \/>Pirties nuoma<br \/>Pav\u0117sin\u0117s nuoma<br \/>Kubilo nuoma<br \/>Boat rental<br \/>Bee therapy<br \/>Forest Therapy<br \/>Baidari\u0173 nuoma<br \/>Hipoterapija<br \/>Bi\u010di\u0173 produkt\u0173 pardavimas<br \/>Jodin\u0117jimas \u017eirgais<br \/>Jojimo treniruot\u0117s<br \/>Va\u017ein\u0117jimas turistine karieta<br \/>Fotosesijos su \u017eirgais<br \/>Trumpi ir ilgi \u017eygiai \u017eirgais<br \/>\u017dvejyba \u012f\u017euvintame tvenkinyje<\/p>\t\t\t\t\t\t<\/div>\n\t\t\t\t<\/div>\n\t\t\t\t\t<\/div>\n\t\t<\/div>\n\t\t\t\t\t<\/div>\n\t\t<\/section>\n\t\t\t\t<\/div>","protected":false},"excerpt":{"rendered":"<p>Sodyboje si\u016blome \u0161ias paslaugas: Trij\u0173 poilsio nameli\u0173 nuomaPirties nuomaPav\u0117sin\u0117s nuomaKubilo nuomaValties nuomaBi\u010di\u0173 terapijaMi\u0161ko terapijaBaidari\u0173 nuomaHipoterapijaBi\u010di\u0173 produkt\u0173 pardavimasJodin\u0117jimas \u017eirgaisJojimo treniruot\u0117sVa\u017ein\u0117jimas turistine karietaFotosesijos su \u017eirgaisTrumpi ir ilgi \u017eygiai \u017eirgais\u017dvejyba \u012f\u017euvintame tvenkinyje<\/p>","protected":false},"author":3,"featured_media":0,"parent":0,"menu_order":0,"comment_status":"closed","ping_status":"closed","template":"","meta":{"om_disable_all_campaigns":false,"footnotes":""},"_links":{"self":[{"href":"https:\/\/nature-calls.lt\/en\/wp-json\/wp\/v2\/pages\/6190"}],"collection":[{"href":"https:\/\/nature-calls.lt\/en\/wp-json\/wp\/v2\/pages"}],"about":[{"href":"https:\/\/nature-calls.lt\/en\/wp-json\/wp\/v2\/types\/page"}],"author":[{"embeddable":true,"href":"https:\/\/nature-calls.lt\/en\/wp-json\/wp\/v2\/users\/3"}],"replies":[{"embeddable":true,"href":"https:\/\/nature-calls.lt\/en\/wp-json\/wp\/v2\/comments?post=6190"}],"version-history":[{"count":7,"href":"https:\/\/nature-calls.lt\/en\/wp-json\/wp\/v2\/pages\/6190\/revisions"}],"predecessor-version":[{"id":6197,"href":"https:\/\/nature-calls.lt\/en\/wp-json\/wp\/v2\/pages\/6190\/revisions\/6197"}],"wp:attachment":[{"href":"https:\/\/nature-calls.lt\/en\/wp-json\/wp\/v2\/media?parent=6190"}],"curies":[{"name":"wp","href":"https:\/\/api.w.org\/{rel}","templated":true}]}}