{"id":6221,"date":"2024-04-13T20:15:55","date_gmt":"2024-04-13T20:15:55","guid":{"rendered":"https:\/\/nature-calls.lt\/?page_id=6221"},"modified":"2024-04-27T16:55:08","modified_gmt":"2024-04-27T16:55:08","slug":"biciu-terapija","status":"publish","type":"page","link":"https:\/\/nature-calls.lt\/en\/biciu-terapija\/","title":{"rendered":"Bee therapy"},"content":{"rendered":"<div data-elementor-type=\"wp-page\" data-elementor-id=\"6221\" class=\"elementor elementor-6221\">\n\t\t\t\t\t\t<section class=\"elementor-section elementor-top-section elementor-element elementor-element-0249be6 elementor-section-boxed elementor-section-gap-beside-yes elementor-section-height-default elementor-section-height-default elementor-section-column-vertical-align-stretch\" data-id=\"0249be6\" data-element_type=\"section\">\n\t\t\t\t\t\t<div class=\"elementor-container elementor-column-gap-extended\">\n\t\t\t\t\t<div class=\"elementor-column elementor-col-50 elementor-top-column elementor-element elementor-element-429dd08\" data-id=\"429dd08\" data-element_type=\"column\">\n\t\t\t<div class=\"elementor-widget-wrap elementor-element-populated\">\n\t\t\t\t\t\t<div class=\"elementor-element elementor-element-3008bcc elementor-widget elementor-widget-text-editor\" data-id=\"3008bcc\" data-element_type=\"widget\" data-widget_type=\"text-editor.default\">\n\t\t\t\t<div class=\"elementor-widget-container\">\n\t\t\t<style>\/*! elementor - v3.19.0 - 28-02-2024 *\/\n.elementor-widget-text-editor.elementor-drop-cap-view-stacked .elementor-drop-cap{background-color:#69727d;color:#fff}.elementor-widget-text-editor.elementor-drop-cap-view-framed .elementor-drop-cap{color:#69727d;border:3px solid;background-color:transparent}.elementor-widget-text-editor:not(.elementor-drop-cap-view-default) .elementor-drop-cap{margin-top:8px}.elementor-widget-text-editor:not(.elementor-drop-cap-view-default) .elementor-drop-cap-letter{width:1em;height:1em}.elementor-widget-text-editor .elementor-drop-cap{float:left;text-align:center;line-height:1;font-size:50px}.elementor-widget-text-editor .elementor-drop-cap-letter{display:inline-block}<\/style>\t\t\t\t<p>Bi\u010di\u0173 terapija &#8211; tai unikali galimyb\u0117 atiskratyti streso, nurimti, subalansuoti savo mintis ir emocijas gulint specialiame namelyje, kai po jumis d\u016bzgia t\u016bkstan\u010diai bi\u010di\u0173. Tai ne tik ramina, ta\u010diau atkuria pa\u017eeistus biolaukus, stiprina \u012fmunitet\u0105, subalansuoja nerv\u0173 sistem\u0105, endokrinin\u0119 sistem\u0105, gerina kraujotak\u0105 ir padeda kv\u0117pavimo sutrikim\u0173 turintiems asmenims! Tai yra visi\u0161kai saugu, nes jokio atviro kontakto su bit\u0117mis n\u0117ra, ta\u010diau namelis sukurtas taip, kad jus pasiekt\u0173 bi\u010di\u0173 skleid\u017eiamos mikro vibracijos, kvapai bei \u0161iluma. Po kiekviena lova yra \u012fsik\u016brusios po tris bi\u010di\u0173 \u0161eimas, kurios gyvena \u012fprast\u0105 gyvenim\u0105, rinkdamos ir lipdydamos med\u0173 \u012f ma\u017eus koriukus. Vienoje bi\u010di\u0173 \u0161eimoje gyvena apie 50-60 t\u016bkstan\u010di\u0173 bi\u010di\u0173, o po vienu gultu d\u016bzgia \u0161imtai t\u016bkstan\u010di\u0173 bitu\u010di\u0173 darbininki\u0173. Terapijos metu atsistato \u017emogaus psichoemocin\u0117 b\u016bsena, ko pasekoje did\u0117ja produktyvumas, audini\u0173 regeneracijos procesai bei stipr\u0117ja imunitetas.<\/p>\t\t\t\t\t\t<\/div>\n\t\t\t\t<\/div>\n\t\t\t\t\t<\/div>\n\t\t<\/div>\n\t\t\t\t<div class=\"elementor-column elementor-col-50 elementor-top-column elementor-element elementor-element-d45793a\" data-id=\"d45793a\" data-element_type=\"column\">\n\t\t\t<div class=\"elementor-widget-wrap elementor-element-populated\">\n\t\t\t\t\t\t<div class=\"elementor-element elementor-element-2a48dd5 elementor-widget elementor-widget-image\" data-id=\"2a48dd5\" data-element_type=\"widget\" data-widget_type=\"image.default\">\n\t\t\t\t<div class=\"elementor-widget-container\">\n\t\t\t<style>\/*! elementor - v3.19.0 - 28-02-2024 *\/\n.elementor-widget-image{text-align:center}.elementor-widget-image a{display:inline-block}.elementor-widget-image a img[src$=\".svg\"]{width:48px}.elementor-widget-image img{vertical-align:middle;display:inline-block}<\/style>\t\t\t\t\t\t\t\t\t\t<img fetchpriority=\"high\" decoding=\"async\" width=\"1024\" height=\"668\" src=\"https:\/\/nature-calls.lt\/wp-content\/uploads\/2024\/04\/1-2-1024x668.jpg\" class=\"attachment-large size-large wp-image-6298\" alt=\"\" srcset=\"https:\/\/nature-calls.lt\/wp-content\/uploads\/2024\/04\/1-2-1024x668.jpg 1024w, https:\/\/nature-calls.lt\/wp-content\/uploads\/2024\/04\/1-2-300x196.jpg 300w, https:\/\/nature-calls.lt\/wp-content\/uploads\/2024\/04\/1-2-768x501.jpg 768w, https:\/\/nature-calls.lt\/wp-content\/uploads\/2024\/04\/1-2-1536x1003.jpg 1536w, https:\/\/nature-calls.lt\/wp-content\/uploads\/2024\/04\/1-2-2048x1337.jpg 2048w, https:\/\/nature-calls.lt\/wp-content\/uploads\/2024\/04\/1-2-600x392.jpg 600w\" sizes=\"(max-width: 1024px) 100vw, 1024px\" \/>\t\t\t\t\t\t\t\t\t\t\t\t\t<\/div>\n\t\t\t\t<\/div>\n\t\t\t\t\t<\/div>\n\t\t<\/div>\n\t\t\t\t\t<\/div>\n\t\t<\/section>\n\t\t\t\t<\/div>","protected":false},"excerpt":{"rendered":"<p>Bi\u010di\u0173 terapija &#8211; tai unikali galimyb\u0117 atiskratyti streso, nurimti, subalansuoti savo mintis ir emocijas gulint specialiame namelyje, kai po jumis d\u016bzgia t\u016bkstan\u010diai bi\u010di\u0173. Tai ne tik ramina, ta\u010diau atkuria pa\u017eeistus biolaukus, stiprina \u012fmunitet\u0105, subalansuoja nerv\u0173 sistem\u0105, endokrinin\u0119 sistem\u0105, gerina kraujotak\u0105 ir padeda kv\u0117pavimo sutrikim\u0173 turintiems asmenims! Tai yra visi\u0161kai saugu, nes jokio atviro kontakto su [&hellip;]<\/p>","protected":false},"author":3,"featured_media":0,"parent":0,"menu_order":0,"comment_status":"closed","ping_status":"closed","template":"","meta":{"om_disable_all_campaigns":false,"footnotes":""},"_links":{"self":[{"href":"https:\/\/nature-calls.lt\/en\/wp-json\/wp\/v2\/pages\/6221"}],"collection":[{"href":"https:\/\/nature-calls.lt\/en\/wp-json\/wp\/v2\/pages"}],"about":[{"href":"https:\/\/nature-calls.lt\/en\/wp-json\/wp\/v2\/types\/page"}],"author":[{"embeddable":true,"href":"https:\/\/nature-calls.lt\/en\/wp-json\/wp\/v2\/users\/3"}],"replies":[{"embeddable":true,"href":"https:\/\/nature-calls.lt\/en\/wp-json\/wp\/v2\/comments?post=6221"}],"version-history":[{"count":11,"href":"https:\/\/nature-calls.lt\/en\/wp-json\/wp\/v2\/pages\/6221\/revisions"}],"predecessor-version":[{"id":6308,"href":"https:\/\/nature-calls.lt\/en\/wp-json\/wp\/v2\/pages\/6221\/revisions\/6308"}],"wp:attachment":[{"href":"https:\/\/nature-calls.lt\/en\/wp-json\/wp\/v2\/media?parent=6221"}],"curies":[{"name":"wp","href":"https:\/\/api.w.org\/{rel}","templated":true}]}}