{"id":6228,"date":"2024-04-13T20:43:15","date_gmt":"2024-04-13T20:43:15","guid":{"rendered":"https:\/\/nature-calls.lt\/?page_id=6228"},"modified":"2024-04-27T17:01:49","modified_gmt":"2024-04-27T17:01:49","slug":"jodinejimas","status":"publish","type":"page","link":"https:\/\/nature-calls.lt\/en\/jodinejimas\/","title":{"rendered":"Horse riding"},"content":{"rendered":"<div data-elementor-type=\"wp-page\" data-elementor-id=\"6228\" class=\"elementor elementor-6228\">\n\t\t\t\t\t\t<section class=\"elementor-section elementor-top-section elementor-element elementor-element-e8f7fbb elementor-section-boxed elementor-section-gap-beside-yes elementor-section-height-default elementor-section-height-default elementor-section-column-vertical-align-stretch\" data-id=\"e8f7fbb\" data-element_type=\"section\">\n\t\t\t\t\t\t<div class=\"elementor-container elementor-column-gap-extended\">\n\t\t\t\t\t<div class=\"elementor-column elementor-col-50 elementor-top-column elementor-element elementor-element-1f6d6b3\" data-id=\"1f6d6b3\" data-element_type=\"column\">\n\t\t\t<div class=\"elementor-widget-wrap elementor-element-populated\">\n\t\t\t\t\t\t<div class=\"elementor-element elementor-element-99686e2 elementor-widget elementor-widget-text-editor\" data-id=\"99686e2\" data-element_type=\"widget\" data-widget_type=\"text-editor.default\">\n\t\t\t\t<div class=\"elementor-widget-container\">\n\t\t\t<style>\/*! elementor - v3.19.0 - 28-02-2024 *\/\n.elementor-widget-text-editor.elementor-drop-cap-view-stacked .elementor-drop-cap{background-color:#69727d;color:#fff}.elementor-widget-text-editor.elementor-drop-cap-view-framed .elementor-drop-cap{color:#69727d;border:3px solid;background-color:transparent}.elementor-widget-text-editor:not(.elementor-drop-cap-view-default) .elementor-drop-cap{margin-top:8px}.elementor-widget-text-editor:not(.elementor-drop-cap-view-default) .elementor-drop-cap-letter{width:1em;height:1em}.elementor-widget-text-editor .elementor-drop-cap{float:left;text-align:center;line-height:1;font-size:50px}.elementor-widget-text-editor .elementor-drop-cap-letter{display:inline-block}<\/style>\t\t\t\t<p>Jodin\u0117jimas &#8211; tai puiki pramoga ir ma\u017eiems ir dideliems. B\u016bdami kartu su \u017eirgu patirsite neu\u017emir\u0161tam\u0173 \u012fsp\u016bd\u017ei\u0173, atsipalaiduosite, visi\u0161kai atsiribosite nuo kasdienini\u0173 min\u010di\u0173 ir patirsite ka\u017ek\u0105 nepaprasto. Si\u016blome jodin\u0117jim\u0105 gamtoje, prie j\u016bros, maudynes su \u017eirgu e\u017eere, fotosesijas ir kitas \u012fvairias veiklas su \u017eirgais.<\/p>\t\t\t\t\t\t<\/div>\n\t\t\t\t<\/div>\n\t\t\t\t\t<\/div>\n\t\t<\/div>\n\t\t\t\t<div class=\"elementor-column elementor-col-50 elementor-top-column elementor-element elementor-element-5d7b4e3\" data-id=\"5d7b4e3\" data-element_type=\"column\">\n\t\t\t<div class=\"elementor-widget-wrap elementor-element-populated\">\n\t\t\t\t\t\t<div class=\"elementor-element elementor-element-cb5d205 elementor-widget elementor-widget-image\" data-id=\"cb5d205\" data-element_type=\"widget\" data-widget_type=\"image.default\">\n\t\t\t\t<div class=\"elementor-widget-container\">\n\t\t\t<style>\/*! elementor - v3.19.0 - 28-02-2024 *\/\n.elementor-widget-image{text-align:center}.elementor-widget-image a{display:inline-block}.elementor-widget-image a img[src$=\".svg\"]{width:48px}.elementor-widget-image img{vertical-align:middle;display:inline-block}<\/style>\t\t\t\t\t\t\t\t\t\t<img fetchpriority=\"high\" decoding=\"async\" width=\"768\" height=\"576\" src=\"https:\/\/nature-calls.lt\/wp-content\/uploads\/2024\/04\/DJI_0051-768x576.jpg\" class=\"attachment-medium_large size-medium_large wp-image-6314\" alt=\"\" srcset=\"https:\/\/nature-calls.lt\/wp-content\/uploads\/2024\/04\/DJI_0051-768x576.jpg 768w, https:\/\/nature-calls.lt\/wp-content\/uploads\/2024\/04\/DJI_0051-300x225.jpg 300w, https:\/\/nature-calls.lt\/wp-content\/uploads\/2024\/04\/DJI_0051-1024x768.jpg 1024w, https:\/\/nature-calls.lt\/wp-content\/uploads\/2024\/04\/DJI_0051-1536x1152.jpg 1536w, https:\/\/nature-calls.lt\/wp-content\/uploads\/2024\/04\/DJI_0051-2048x1536.jpg 2048w, https:\/\/nature-calls.lt\/wp-content\/uploads\/2024\/04\/DJI_0051-600x450.jpg 600w\" sizes=\"(max-width: 768px) 100vw, 768px\" \/>\t\t\t\t\t\t\t\t\t\t\t\t\t<\/div>\n\t\t\t\t<\/div>\n\t\t\t\t\t<\/div>\n\t\t<\/div>\n\t\t\t\t\t<\/div>\n\t\t<\/section>\n\t\t\t\t<\/div>","protected":false},"excerpt":{"rendered":"<p>Jodin\u0117jimas &#8211; tai puiki pramoga ir ma\u017eiems ir dideliems. B\u016bdami kartu su \u017eirgu patirsite neu\u017emir\u0161tam\u0173 \u012fsp\u016bd\u017ei\u0173, atsipalaiduosite, visi\u0161kai atsiribosite nuo kasdienini\u0173 min\u010di\u0173 ir patirsite ka\u017ek\u0105 nepaprasto. Si\u016blome jodin\u0117jim\u0105 gamtoje, prie j\u016bros, maudynes su \u017eirgu e\u017eere, fotosesijas ir kitas \u012fvairias veiklas su \u017eirgais.<\/p>","protected":false},"author":3,"featured_media":0,"parent":0,"menu_order":0,"comment_status":"closed","ping_status":"closed","template":"","meta":{"om_disable_all_campaigns":false,"footnotes":""},"_links":{"self":[{"href":"https:\/\/nature-calls.lt\/en\/wp-json\/wp\/v2\/pages\/6228"}],"collection":[{"href":"https:\/\/nature-calls.lt\/en\/wp-json\/wp\/v2\/pages"}],"about":[{"href":"https:\/\/nature-calls.lt\/en\/wp-json\/wp\/v2\/types\/page"}],"author":[{"embeddable":true,"href":"https:\/\/nature-calls.lt\/en\/wp-json\/wp\/v2\/users\/3"}],"replies":[{"embeddable":true,"href":"https:\/\/nature-calls.lt\/en\/wp-json\/wp\/v2\/comments?post=6228"}],"version-history":[{"count":7,"href":"https:\/\/nature-calls.lt\/en\/wp-json\/wp\/v2\/pages\/6228\/revisions"}],"predecessor-version":[{"id":6317,"href":"https:\/\/nature-calls.lt\/en\/wp-json\/wp\/v2\/pages\/6228\/revisions\/6317"}],"wp:attachment":[{"href":"https:\/\/nature-calls.lt\/en\/wp-json\/wp\/v2\/media?parent=6228"}],"curies":[{"name":"wp","href":"https:\/\/api.w.org\/{rel}","templated":true}]}}