{"id":6234,"date":"2024-04-13T20:46:11","date_gmt":"2024-04-13T20:46:11","guid":{"rendered":"https:\/\/nature-calls.lt\/?page_id=6234"},"modified":"2024-04-27T16:58:55","modified_gmt":"2024-04-27T16:58:55","slug":"fito-sauna","status":"publish","type":"page","link":"https:\/\/nature-calls.lt\/en\/fito-sauna\/","title":{"rendered":"Phyto sauna"},"content":{"rendered":"<div data-elementor-type=\"wp-page\" data-elementor-id=\"6234\" class=\"elementor elementor-6234\">\n\t\t\t\t\t\t<section class=\"elementor-section elementor-top-section elementor-element elementor-element-b8f4e33 elementor-section-boxed elementor-section-gap-beside-yes elementor-section-height-default elementor-section-height-default elementor-section-column-vertical-align-stretch\" data-id=\"b8f4e33\" data-element_type=\"section\">\n\t\t\t\t\t\t<div class=\"elementor-container elementor-column-gap-extended\">\n\t\t\t\t\t<div class=\"elementor-column elementor-col-50 elementor-top-column elementor-element elementor-element-544ff57\" data-id=\"544ff57\" data-element_type=\"column\">\n\t\t\t<div class=\"elementor-widget-wrap elementor-element-populated\">\n\t\t\t\t\t\t<div class=\"elementor-element elementor-element-68bc56b elementor-widget elementor-widget-text-editor\" data-id=\"68bc56b\" data-element_type=\"widget\" data-widget_type=\"text-editor.default\">\n\t\t\t\t<div class=\"elementor-widget-container\">\n\t\t\t<style>\/*! elementor - v3.19.0 - 28-02-2024 *\/\n.elementor-widget-text-editor.elementor-drop-cap-view-stacked .elementor-drop-cap{background-color:#69727d;color:#fff}.elementor-widget-text-editor.elementor-drop-cap-view-framed .elementor-drop-cap{color:#69727d;border:3px solid;background-color:transparent}.elementor-widget-text-editor:not(.elementor-drop-cap-view-default) .elementor-drop-cap{margin-top:8px}.elementor-widget-text-editor:not(.elementor-drop-cap-view-default) .elementor-drop-cap-letter{width:1em;height:1em}.elementor-widget-text-editor .elementor-drop-cap{float:left;text-align:center;line-height:1;font-size:50px}.elementor-widget-text-editor .elementor-drop-cap-letter{display:inline-block}<\/style>\t\t\t\t<p>Unikali sveikatinanti patirtis \u2013 \u0161irdingas sveikatos link\u0117jimas! Fitosauna \u2013 tai moderni statin\u0117s formos mini pirtis, kuri, skirtingai nuo tradicini\u0173 sauso garo saun\u0173, \u0161ildo \u017emog\u0173 dr\u0117gnais garais, d\u0117l to yra veiksmingesn\u0117 ir turi didel\u012f teigiam\u0105 poveik\u012f k\u016bnui. Fitosaunos ritual\u0105 galima papildyti eteriniais aliejais, \u012fvairiais ekstraktais ir \u017eolel\u0117mis \u2013 tai leid\u017eia dar labiau gerinti sveikat\u0105. Neabejotinai dar daugiau \u012fsp\u016bd\u017ei\u0173 ir naudos savijautai prid\u0117s raminan\u010di\u0173 med\u017ei\u0173 apsuptis ir harmoningai tyvuliuojantis e\u017eeras tolumoje!<\/p>\t\t\t\t\t\t<\/div>\n\t\t\t\t<\/div>\n\t\t\t\t\t<\/div>\n\t\t<\/div>\n\t\t\t\t<div class=\"elementor-column elementor-col-50 elementor-top-column elementor-element elementor-element-8bf0585\" data-id=\"8bf0585\" data-element_type=\"column\">\n\t\t\t<div class=\"elementor-widget-wrap elementor-element-populated\">\n\t\t\t\t\t\t<div class=\"elementor-element elementor-element-b596cdc elementor-widget elementor-widget-image\" data-id=\"b596cdc\" data-element_type=\"widget\" data-widget_type=\"image.default\">\n\t\t\t\t<div class=\"elementor-widget-container\">\n\t\t\t<style>\/*! elementor - v3.19.0 - 28-02-2024 *\/\n.elementor-widget-image{text-align:center}.elementor-widget-image a{display:inline-block}.elementor-widget-image a img[src$=\".svg\"]{width:48px}.elementor-widget-image img{vertical-align:middle;display:inline-block}<\/style>\t\t\t\t\t\t\t\t\t\t<img fetchpriority=\"high\" decoding=\"async\" width=\"1024\" height=\"683\" src=\"https:\/\/nature-calls.lt\/wp-content\/uploads\/2024\/04\/IMG_2021-1024x683.jpg\" class=\"attachment-large size-large wp-image-6309\" alt=\"\" srcset=\"https:\/\/nature-calls.lt\/wp-content\/uploads\/2024\/04\/IMG_2021-1024x683.jpg 1024w, https:\/\/nature-calls.lt\/wp-content\/uploads\/2024\/04\/IMG_2021-300x200.jpg 300w, https:\/\/nature-calls.lt\/wp-content\/uploads\/2024\/04\/IMG_2021-768x512.jpg 768w, https:\/\/nature-calls.lt\/wp-content\/uploads\/2024\/04\/IMG_2021-1536x1024.jpg 1536w, https:\/\/nature-calls.lt\/wp-content\/uploads\/2024\/04\/IMG_2021-600x400.jpg 600w, https:\/\/nature-calls.lt\/wp-content\/uploads\/2024\/04\/IMG_2021.jpg 2010w\" sizes=\"(max-width: 1024px) 100vw, 1024px\" \/>\t\t\t\t\t\t\t\t\t\t\t\t\t<\/div>\n\t\t\t\t<\/div>\n\t\t\t\t\t<\/div>\n\t\t<\/div>\n\t\t\t\t\t<\/div>\n\t\t<\/section>\n\t\t\t\t<\/div>","protected":false},"excerpt":{"rendered":"<p>Unikali sveikatinanti patirtis \u2013 \u0161irdingas sveikatos link\u0117jimas! Fitosauna \u2013 tai moderni statin\u0117s formos mini pirtis, kuri, skirtingai nuo tradicini\u0173 sauso garo saun\u0173, \u0161ildo \u017emog\u0173 dr\u0117gnais garais, d\u0117l to yra veiksmingesn\u0117 ir turi didel\u012f teigiam\u0105 poveik\u012f k\u016bnui. Fitosaunos ritual\u0105 galima papildyti eteriniais aliejais, \u012fvairiais ekstraktais ir \u017eolel\u0117mis \u2013 tai leid\u017eia dar labiau gerinti sveikat\u0105. Neabejotinai dar [&hellip;]<\/p>","protected":false},"author":3,"featured_media":0,"parent":0,"menu_order":0,"comment_status":"closed","ping_status":"closed","template":"","meta":{"om_disable_all_campaigns":false,"footnotes":""},"_links":{"self":[{"href":"https:\/\/nature-calls.lt\/en\/wp-json\/wp\/v2\/pages\/6234"}],"collection":[{"href":"https:\/\/nature-calls.lt\/en\/wp-json\/wp\/v2\/pages"}],"about":[{"href":"https:\/\/nature-calls.lt\/en\/wp-json\/wp\/v2\/types\/page"}],"author":[{"embeddable":true,"href":"https:\/\/nature-calls.lt\/en\/wp-json\/wp\/v2\/users\/3"}],"replies":[{"embeddable":true,"href":"https:\/\/nature-calls.lt\/en\/wp-json\/wp\/v2\/comments?post=6234"}],"version-history":[{"count":7,"href":"https:\/\/nature-calls.lt\/en\/wp-json\/wp\/v2\/pages\/6234\/revisions"}],"predecessor-version":[{"id":6312,"href":"https:\/\/nature-calls.lt\/en\/wp-json\/wp\/v2\/pages\/6234\/revisions\/6312"}],"wp:attachment":[{"href":"https:\/\/nature-calls.lt\/en\/wp-json\/wp\/v2\/media?parent=6234"}],"curies":[{"name":"wp","href":"https:\/\/api.w.org\/{rel}","templated":true}]}}