{"id":6245,"date":"2024-04-13T20:49:04","date_gmt":"2024-04-13T20:49:04","guid":{"rendered":"https:\/\/nature-calls.lt\/?page_id=6245"},"modified":"2024-04-28T10:34:40","modified_gmt":"2024-04-28T10:34:40","slug":"avies-veltinio-pirtis","status":"publish","type":"page","link":"https:\/\/nature-calls.lt\/en\/avies-veltinio-pirtis\/","title":{"rendered":"Avies veltinio pirtis"},"content":{"rendered":"<div data-elementor-type=\"wp-page\" data-elementor-id=\"6245\" class=\"elementor elementor-6245\">\n\t\t\t\t\t\t<section class=\"elementor-section elementor-top-section elementor-element elementor-element-e942093 elementor-section-boxed elementor-section-gap-beside-yes elementor-section-height-default elementor-section-height-default elementor-section-column-vertical-align-stretch\" data-id=\"e942093\" data-element_type=\"section\">\n\t\t\t\t\t\t<div class=\"elementor-container elementor-column-gap-extended\">\n\t\t\t\t\t<div class=\"elementor-column elementor-col-50 elementor-top-column elementor-element elementor-element-7a023bd\" data-id=\"7a023bd\" data-element_type=\"column\">\n\t\t\t<div class=\"elementor-widget-wrap elementor-element-populated\">\n\t\t\t\t\t\t<div class=\"elementor-element elementor-element-397f26b elementor-widget elementor-widget-text-editor\" data-id=\"397f26b\" data-element_type=\"widget\" data-widget_type=\"text-editor.default\">\n\t\t\t\t<div class=\"elementor-widget-container\">\n\t\t\t<style>\/*! elementor - v3.19.0 - 28-02-2024 *\/\n.elementor-widget-text-editor.elementor-drop-cap-view-stacked .elementor-drop-cap{background-color:#69727d;color:#fff}.elementor-widget-text-editor.elementor-drop-cap-view-framed .elementor-drop-cap{color:#69727d;border:3px solid;background-color:transparent}.elementor-widget-text-editor:not(.elementor-drop-cap-view-default) .elementor-drop-cap{margin-top:8px}.elementor-widget-text-editor:not(.elementor-drop-cap-view-default) .elementor-drop-cap-letter{width:1em;height:1em}.elementor-widget-text-editor .elementor-drop-cap{float:left;text-align:center;line-height:1;font-size:50px}.elementor-widget-text-editor .elementor-drop-cap-letter{display:inline-block}<\/style>\t\t\t\t<h6>Poilsis k\u016bnui, rei\u0161kia poils\u012f ir mintims!<\/h6>\n<p>Lengvina kv\u0117pavim\u0105, ma\u017eina alergijas, o dar \u2013 ir tokia ekologi\u0161ka. Tai \u2013 avies veltinio pirtis, \u012fkurta ne kur kitur, o&#8230; jurtoje! Dar i\u0161 Vidurin\u0117s Azijos stepi\u0173 klajokli\u0173 atklydusi jurtos id\u0117ja lig \u0161iol stebina originalia i\u0161vaizda: \u010dia \u0161viesa patenka tik pro ma\u017eyt\u012f apval\u0173 stoglang\u012f, apskritimo forma sukuria jaukumo jausm\u0105, o avies vilnos pluo\u0161tais ap\u0161iltintos sienos sugeria gar\u0105 ir turi antibakterini\u0173 bei kit\u0173 gydom\u0173j\u0173 savybi\u0173. Norint jaukiai pails\u0117ti po savait\u0117s darb\u0173, pamin\u0117ti ypating\u0105 prog\u0105 ar tiesiog pasisemti to, kas naudingiausia organizmui, verta u\u017esukti \u012f Kalniaus sodyb\u0105 ir atsipalaiduoti \u0161ioje unikalioje pirtyje!<\/p>\t\t\t\t\t\t<\/div>\n\t\t\t\t<\/div>\n\t\t\t\t\t<\/div>\n\t\t<\/div>\n\t\t\t\t<div class=\"elementor-column elementor-col-50 elementor-top-column elementor-element elementor-element-a9879e8\" data-id=\"a9879e8\" data-element_type=\"column\">\n\t\t\t<div class=\"elementor-widget-wrap elementor-element-populated\">\n\t\t\t\t\t\t<div class=\"elementor-element elementor-element-7f01479 elementor-widget elementor-widget-image\" data-id=\"7f01479\" data-element_type=\"widget\" data-widget_type=\"image.default\">\n\t\t\t\t<div class=\"elementor-widget-container\">\n\t\t\t<style>\/*! elementor - v3.19.0 - 28-02-2024 *\/\n.elementor-widget-image{text-align:center}.elementor-widget-image a{display:inline-block}.elementor-widget-image a img[src$=\".svg\"]{width:48px}.elementor-widget-image img{vertical-align:middle;display:inline-block}<\/style>\t\t\t\t\t\t\t\t\t\t<img fetchpriority=\"high\" decoding=\"async\" width=\"768\" height=\"512\" src=\"https:\/\/nature-calls.lt\/wp-content\/uploads\/2024\/04\/IMG_2152-768x512.jpg\" class=\"attachment-medium_large size-medium_large wp-image-6386\" alt=\"\" srcset=\"https:\/\/nature-calls.lt\/wp-content\/uploads\/2024\/04\/IMG_2152-768x512.jpg 768w, https:\/\/nature-calls.lt\/wp-content\/uploads\/2024\/04\/IMG_2152-300x200.jpg 300w, https:\/\/nature-calls.lt\/wp-content\/uploads\/2024\/04\/IMG_2152-1024x683.jpg 1024w, https:\/\/nature-calls.lt\/wp-content\/uploads\/2024\/04\/IMG_2152-1536x1024.jpg 1536w, https:\/\/nature-calls.lt\/wp-content\/uploads\/2024\/04\/IMG_2152-18x12.jpg 18w, https:\/\/nature-calls.lt\/wp-content\/uploads\/2024\/04\/IMG_2152-600x400.jpg 600w, https:\/\/nature-calls.lt\/wp-content\/uploads\/2024\/04\/IMG_2152.jpg 2010w\" sizes=\"(max-width: 768px) 100vw, 768px\" \/>\t\t\t\t\t\t\t\t\t\t\t\t\t<\/div>\n\t\t\t\t<\/div>\n\t\t\t\t\t<\/div>\n\t\t<\/div>\n\t\t\t\t\t<\/div>\n\t\t<\/section>\n\t\t\t\t<\/div>","protected":false},"excerpt":{"rendered":"<p>Poilsis k\u016bnui, rei\u0161kia poils\u012f ir mintims! Lengvina kv\u0117pavim\u0105, ma\u017eina alergijas, o dar \u2013 ir tokia ekologi\u0161ka. Tai \u2013 avies veltinio pirtis, \u012fkurta ne kur kitur, o&#8230; jurtoje! Dar i\u0161 Vidurin\u0117s Azijos stepi\u0173 klajokli\u0173 atklydusi jurtos id\u0117ja lig \u0161iol stebina originalia i\u0161vaizda: \u010dia \u0161viesa patenka tik pro ma\u017eyt\u012f apval\u0173 stoglang\u012f, apskritimo forma sukuria jaukumo jausm\u0105, o [&hellip;]<\/p>","protected":false},"author":3,"featured_media":0,"parent":0,"menu_order":0,"comment_status":"closed","ping_status":"closed","template":"","meta":{"om_disable_all_campaigns":false,"footnotes":""},"_links":{"self":[{"href":"https:\/\/nature-calls.lt\/en\/wp-json\/wp\/v2\/pages\/6245"}],"collection":[{"href":"https:\/\/nature-calls.lt\/en\/wp-json\/wp\/v2\/pages"}],"about":[{"href":"https:\/\/nature-calls.lt\/en\/wp-json\/wp\/v2\/types\/page"}],"author":[{"embeddable":true,"href":"https:\/\/nature-calls.lt\/en\/wp-json\/wp\/v2\/users\/3"}],"replies":[{"embeddable":true,"href":"https:\/\/nature-calls.lt\/en\/wp-json\/wp\/v2\/comments?post=6245"}],"version-history":[{"count":10,"href":"https:\/\/nature-calls.lt\/en\/wp-json\/wp\/v2\/pages\/6245\/revisions"}],"predecessor-version":[{"id":6389,"href":"https:\/\/nature-calls.lt\/en\/wp-json\/wp\/v2\/pages\/6245\/revisions\/6389"}],"wp:attachment":[{"href":"https:\/\/nature-calls.lt\/en\/wp-json\/wp\/v2\/media?parent=6245"}],"curies":[{"name":"wp","href":"https:\/\/api.w.org\/{rel}","templated":true}]}}