{"id":5960,"date":"2023-03-08T15:25:41","date_gmt":"2023-03-08T15:25:41","guid":{"rendered":"https:\/\/nature-calls.lt\/?post_type=product&#038;p=5960"},"modified":"2024-04-13T21:16:46","modified_gmt":"2024-04-13T21:16:46","slug":"nakvyne-medziu-virsunese-su-ofuro-vonia-galioja-visus-metus-d-d","status":"publish","type":"product","link":"https:\/\/nature-calls.lt\/en\/product\/nakvyne-medziu-virsunese-su-ofuro-vonia-galioja-visus-metus-d-d\/","title":{"rendered":"Overnight in the treetops with hot tub (valid all year d.d.)"},"content":{"rendered":"<p>Come and enjoy complete peace surrounded by nature. The tree tents are located in the forest, so you can enjoy the beauty of nature and listen to the chirping of birds throughout your stay. The cabins are at a height of up to 3.5 m, and there is also a terrace with an ofuro bath, where you can enjoy the peace of the forest while lying down.<\/p>\n<p>The terrace also has a gas grill for cooking, a dining table, electricity, a mini fridge - everything you might need for your stay.<\/p>\n<p>Access to the tent with car is within 100 meters<br \/>\nARRIVAL from 15:00 DEPARTURE untill 12:00<\/p>","protected":false},"excerpt":{"rendered":"<p>Atvykite ir m\u0117gaukit\u0117s visi\u0161ka ramybe gamtos apsuptyje. Palapin\u0117s med\u017eiuose yra \u012fkurtos mi\u0161ke, tad visos vie\u0161nag\u0117s metu gal\u0117site g\u0117r\u0117tis nat\u016bralios gamtos gro\u017eiu ir klausytis pauk\u0161\u010di\u0173 \u010diulbenimo. Nameliai yra net 3,5 m auk\u0161tyje, ten pat yra \u012frengta ir terasa su ofuro vonia, kurioje gul\u0117dami galite m\u0117gautis mi\u0161ko gaubiama ramybe. Terasoje taip pat yra dujinis grilius maisto gaminimui, [&hellip;]<\/p>","protected":false},"featured_media":5629,"comment_status":"open","ping_status":"closed","template":"","meta":{"om_disable_all_campaigns":false},"product_cat":[57],"product_tag":[],"giftcard-category":[],"_links":{"self":[{"href":"https:\/\/nature-calls.lt\/en\/wp-json\/wp\/v2\/product\/5960"}],"collection":[{"href":"https:\/\/nature-calls.lt\/en\/wp-json\/wp\/v2\/product"}],"about":[{"href":"https:\/\/nature-calls.lt\/en\/wp-json\/wp\/v2\/types\/product"}],"replies":[{"embeddable":true,"href":"https:\/\/nature-calls.lt\/en\/wp-json\/wp\/v2\/comments?post=5960"}],"wp:featuredmedia":[{"embeddable":true,"href":"https:\/\/nature-calls.lt\/en\/wp-json\/wp\/v2\/media\/5629"}],"wp:attachment":[{"href":"https:\/\/nature-calls.lt\/en\/wp-json\/wp\/v2\/media?parent=5960"}],"wp:term":[{"taxonomy":"product_cat","embeddable":true,"href":"https:\/\/nature-calls.lt\/en\/wp-json\/wp\/v2\/product_cat?post=5960"},{"taxonomy":"product_tag","embeddable":true,"href":"https:\/\/nature-calls.lt\/en\/wp-json\/wp\/v2\/product_tag?post=5960"},{"taxonomy":"giftcard-category","embeddable":true,"href":"https:\/\/nature-calls.lt\/en\/wp-json\/wp\/v2\/giftcard-category?post=5960"}],"curies":[{"name":"wp","href":"https:\/\/api.w.org\/{rel}","templated":true}]}}